{"id":817,"date":"2022-04-27T00:29:49","date_gmt":"2022-04-27T00:29:49","guid":{"rendered":"https:\/\/grupodenali.mx\/?page_id=817"},"modified":"2023-07-24T18:27:27","modified_gmt":"2023-07-24T18:27:27","slug":"arandano","status":"publish","type":"page","link":"https:\/\/grupodenali.mx\/?page_id=817","title":{"rendered":"Ar\u00e1ndano"},"content":{"rendered":"\t\t<div data-elementor-type=\"wp-page\" data-elementor-id=\"817\" class=\"elementor elementor-817\">\n\t\t\t\t\t\t<section class=\"elementor-section elementor-top-section elementor-element elementor-element-d23a12a elementor-section-stretched elementor-section-boxed elementor-section-height-default elementor-section-height-default\" data-id=\"d23a12a\" data-element_type=\"section\" data-e-type=\"section\" data-settings=\"{&quot;stretch_section&quot;:&quot;section-stretched&quot;,&quot;background_background&quot;:&quot;classic&quot;}\">\n\t\t\t\t\t\t<div class=\"elementor-container elementor-column-gap-wider\">\n\t\t\t\t\t<div class=\"elementor-column elementor-col-100 elementor-top-column elementor-element elementor-element-4239dfd\" data-id=\"4239dfd\" data-element_type=\"column\" data-e-type=\"column\">\n\t\t\t<div class=\"elementor-widget-wrap elementor-element-populated\">\n\t\t\t\t\t\t<div class=\"elementor-element elementor-element-ae24078 elementor-widget elementor-widget-heading\" data-id=\"ae24078\" data-element_type=\"widget\" data-e-type=\"widget\" data-widget_type=\"heading.default\">\n\t\t\t\t<div class=\"elementor-widget-container\">\n\t\t\t\t\t<h1 class=\"elementor-heading-title elementor-size-default\">Ar\u00e1ndano<\/h1>\t\t\t\t<\/div>\n\t\t\t\t<\/div>\n\t\t\t\t\t<\/div>\n\t\t<\/div>\n\t\t\t\t\t<\/div>\n\t\t<\/section>\n\t\t\t\t<section class=\"elementor-section elementor-top-section elementor-element elementor-element-1eb26ae elementor-section-boxed elementor-section-height-default elementor-section-height-default\" data-id=\"1eb26ae\" data-element_type=\"section\" data-e-type=\"section\">\n\t\t\t\t\t\t<div class=\"elementor-container elementor-column-gap-default\">\n\t\t\t\t\t<div class=\"elementor-column elementor-col-100 elementor-top-column elementor-element elementor-element-4c23a31\" data-id=\"4c23a31\" data-element_type=\"column\" data-e-type=\"column\">\n\t\t\t<div class=\"elementor-widget-wrap elementor-element-populated\">\n\t\t\t\t\t\t<div class=\"elementor-element elementor-element-e6b7f2b elementor-widget elementor-widget-spacer\" data-id=\"e6b7f2b\" data-element_type=\"widget\" data-e-type=\"widget\" data-widget_type=\"spacer.default\">\n\t\t\t\t<div class=\"elementor-widget-container\">\n\t\t\t\t\t\t\t<div class=\"elementor-spacer\">\n\t\t\t<div class=\"elementor-spacer-inner\"><\/div>\n\t\t<\/div>\n\t\t\t\t\t\t<\/div>\n\t\t\t\t<\/div>\n\t\t\t\t<div class=\"elementor-element elementor-element-d033ed0 elementor-invisible elementor-widget elementor-widget-heading\" data-id=\"d033ed0\" data-element_type=\"widget\" data-e-type=\"widget\" data-settings=\"{&quot;_animation&quot;:&quot;bounceIn&quot;}\" data-widget_type=\"heading.default\">\n\t\t\t\t<div class=\"elementor-widget-container\">\n\t\t\t\t\t<h2 class=\"elementor-heading-title elementor-size-default\">M\u00e1s sobre el Ar\u00e1ndano<\/h2>\t\t\t\t<\/div>\n\t\t\t\t<\/div>\n\t\t\t\t<div class=\"elementor-element elementor-element-9607c4f elementor-widget elementor-widget-spacer\" data-id=\"9607c4f\" data-element_type=\"widget\" data-e-type=\"widget\" data-widget_type=\"spacer.default\">\n\t\t\t\t<div class=\"elementor-widget-container\">\n\t\t\t\t\t\t\t<div class=\"elementor-spacer\">\n\t\t\t<div class=\"elementor-spacer-inner\"><\/div>\n\t\t<\/div>\n\t\t\t\t\t\t<\/div>\n\t\t\t\t<\/div>\n\t\t\t\t<div class=\"elementor-element elementor-element-7b83f5f elementor-position-left elementor-vertical-align-top elementor-widget elementor-widget-image-box\" data-id=\"7b83f5f\" data-element_type=\"widget\" data-e-type=\"widget\" data-widget_type=\"image-box.default\">\n\t\t\t\t<div class=\"elementor-widget-container\">\n\t\t\t\t\t<div class=\"elementor-image-box-wrapper\"><figure class=\"elementor-image-box-img\"><img fetchpriority=\"high\" decoding=\"async\" width=\"2000\" height=\"1431\" src=\"https:\/\/grupodenali.mx\/wp-content\/uploads\/2022\/04\/monton-arandanos-secos-sobre-fondo-blanco-baya-deliciosa_116441-21588.jpg\" class=\"attachment-full size-full wp-image-249\" alt=\"\" srcset=\"https:\/\/grupodenali.mx\/wp-content\/uploads\/2022\/04\/monton-arandanos-secos-sobre-fondo-blanco-baya-deliciosa_116441-21588.jpg 2000w, https:\/\/grupodenali.mx\/wp-content\/uploads\/2022\/04\/monton-arandanos-secos-sobre-fondo-blanco-baya-deliciosa_116441-21588-300x215.jpg 300w, https:\/\/grupodenali.mx\/wp-content\/uploads\/2022\/04\/monton-arandanos-secos-sobre-fondo-blanco-baya-deliciosa_116441-21588-1024x733.jpg 1024w, https:\/\/grupodenali.mx\/wp-content\/uploads\/2022\/04\/monton-arandanos-secos-sobre-fondo-blanco-baya-deliciosa_116441-21588-768x550.jpg 768w, https:\/\/grupodenali.mx\/wp-content\/uploads\/2022\/04\/monton-arandanos-secos-sobre-fondo-blanco-baya-deliciosa_116441-21588-1536x1099.jpg 1536w, https:\/\/grupodenali.mx\/wp-content\/uploads\/2022\/04\/monton-arandanos-secos-sobre-fondo-blanco-baya-deliciosa_116441-21588-204x146.jpg 204w, https:\/\/grupodenali.mx\/wp-content\/uploads\/2022\/04\/monton-arandanos-secos-sobre-fondo-blanco-baya-deliciosa_116441-21588-50x36.jpg 50w, https:\/\/grupodenali.mx\/wp-content\/uploads\/2022\/04\/monton-arandanos-secos-sobre-fondo-blanco-baya-deliciosa_116441-21588-105x75.jpg 105w\" sizes=\"(max-width: 2000px) 100vw, 2000px\" \/><\/figure><div class=\"elementor-image-box-content\"><h2 class=\"elementor-image-box-title\">Ar\u00e1ndano<\/h2><p class=\"elementor-image-box-description\">Los ar\u00e1ndanos secos se hacen deshidratando parcialmente ar\u00e1ndanos frescos, de forma similar a como las uvas se convierten en pasas.\n<\/p><\/div><\/div>\t\t\t\t<\/div>\n\t\t\t\t<\/div>\n\t\t\t\t<section class=\"elementor-section elementor-inner-section elementor-element elementor-element-4fdc1c1 elementor-section-boxed elementor-section-height-default elementor-section-height-default\" data-id=\"4fdc1c1\" data-element_type=\"section\" data-e-type=\"section\">\n\t\t\t\t\t\t<div class=\"elementor-container elementor-column-gap-default\">\n\t\t\t\t\t<div class=\"elementor-column elementor-col-50 elementor-inner-column elementor-element elementor-element-c58170d\" data-id=\"c58170d\" data-element_type=\"column\" data-e-type=\"column\">\n\t\t\t<div class=\"elementor-widget-wrap elementor-element-populated\">\n\t\t\t\t\t\t<div class=\"elementor-element elementor-element-97dc4cc elementor-widget elementor-widget-text-editor\" data-id=\"97dc4cc\" data-element_type=\"widget\" data-e-type=\"widget\" data-widget_type=\"text-editor.default\">\n\t\t\t\t<div class=\"elementor-widget-container\">\n\t\t\t\t\t\t\t\t\t<p><strong>El ar\u00e1ndano se ha convertido en la\u00a0<em>berry<\/em>\u00a0de moda por excelencia<\/strong>.\u00a0 En los \u00faltimos 5 a\u00f1os, su consumo ha crecido exponencialmente en todo el mundo. Los principales pa\u00edses productores suman \u00e9xitos en cifras de exportaci\u00f3n y se inicia un proceso de tecnificaci\u00f3n y profesionalizaci\u00f3n para\u00a0<strong>rentabilizar al m\u00e1ximo la producci\u00f3n de ar\u00e1ndano<\/strong>. La meta es abastecer la demanda global e introducirse en los<strong>\u00a0nuevos mercados emergentes como China, India o Emiratos \u00c1rabes.<\/strong><\/p><p>\u00a0<\/p><p>El ar\u00e1ndano es antiinflamatorio, previene enfermedades cancer\u00edgenas, tiene propiedades regenerativas, ayuda a luchar contra la diabetes, favorece la presencia del colesterol bueno, reduce la presi\u00f3n arterial, mejora la vista y la memoria, ayuda a reducir grasa\u2026<\/p><p>Por todo esto y m\u00e1s, este fruto de color morado se ha convertido en la\u00a0<em>berry<\/em>\u00a0m\u00e1s demandada y consumida alrededor del mundo.\u00a0<strong>Norteam\u00e9rica es el mayor productor y consumidor de ar\u00e1ndano, alcanzando las 446.000 toneladas consumidas al a\u00f1o<\/strong>. Le sigue Europa con 135.400 toneladas y Asia Pac\u00edfico con 69.000 toneladas, seg\u00fan los \u00faltimos datos de International Blueberry Organization (IBO).<\/p>\t\t\t\t\t\t\t\t<\/div>\n\t\t\t\t<\/div>\n\t\t\t\t\t<\/div>\n\t\t<\/div>\n\t\t\t\t<div class=\"elementor-column elementor-col-50 elementor-inner-column elementor-element elementor-element-436a8b9\" data-id=\"436a8b9\" data-element_type=\"column\" data-e-type=\"column\">\n\t\t\t<div class=\"elementor-widget-wrap elementor-element-populated\">\n\t\t\t\t\t\t<div class=\"elementor-element elementor-element-6042ec1 elementor-widget elementor-widget-image\" data-id=\"6042ec1\" data-element_type=\"widget\" data-e-type=\"widget\" data-widget_type=\"image.default\">\n\t\t\t\t<div class=\"elementor-widget-container\">\n\t\t\t\t\t\t\t\t\t\t\t\t\t\t\t<img decoding=\"async\" width=\"1024\" height=\"683\" src=\"https:\/\/grupodenali.mx\/wp-content\/uploads\/2022\/04\/vecteezy_dried-cranberries-in-a-wooden-cup-with-a-lid-and-burlap-on-a_6851933_680-1024x683.jpg\" class=\"attachment-large size-large wp-image-1040\" alt=\"\" srcset=\"https:\/\/grupodenali.mx\/wp-content\/uploads\/2022\/04\/vecteezy_dried-cranberries-in-a-wooden-cup-with-a-lid-and-burlap-on-a_6851933_680-1024x683.jpg 1024w, https:\/\/grupodenali.mx\/wp-content\/uploads\/2022\/04\/vecteezy_dried-cranberries-in-a-wooden-cup-with-a-lid-and-burlap-on-a_6851933_680-300x200.jpg 300w, https:\/\/grupodenali.mx\/wp-content\/uploads\/2022\/04\/vecteezy_dried-cranberries-in-a-wooden-cup-with-a-lid-and-burlap-on-a_6851933_680-768x512.jpg 768w, https:\/\/grupodenali.mx\/wp-content\/uploads\/2022\/04\/vecteezy_dried-cranberries-in-a-wooden-cup-with-a-lid-and-burlap-on-a_6851933_680-1536x1024.jpg 1536w, https:\/\/grupodenali.mx\/wp-content\/uploads\/2022\/04\/vecteezy_dried-cranberries-in-a-wooden-cup-with-a-lid-and-burlap-on-a_6851933_680-2048x1365.jpg 2048w, https:\/\/grupodenali.mx\/wp-content\/uploads\/2022\/04\/vecteezy_dried-cranberries-in-a-wooden-cup-with-a-lid-and-burlap-on-a_6851933_680-219x146.jpg 219w, https:\/\/grupodenali.mx\/wp-content\/uploads\/2022\/04\/vecteezy_dried-cranberries-in-a-wooden-cup-with-a-lid-and-burlap-on-a_6851933_680-50x33.jpg 50w, https:\/\/grupodenali.mx\/wp-content\/uploads\/2022\/04\/vecteezy_dried-cranberries-in-a-wooden-cup-with-a-lid-and-burlap-on-a_6851933_680-113x75.jpg 113w\" sizes=\"(max-width: 1024px) 100vw, 1024px\" \/>\t\t\t\t\t\t\t\t\t\t\t\t\t\t\t<\/div>\n\t\t\t\t<\/div>\n\t\t\t\t\t<\/div>\n\t\t<\/div>\n\t\t\t\t\t<\/div>\n\t\t<\/section>\n\t\t\t\t\t<\/div>\n\t\t<\/div>\n\t\t\t\t\t<\/div>\n\t\t<\/section>\n\t\t\t\t<section class=\"elementor-section elementor-top-section elementor-element elementor-element-6aa2743 elementor-section-boxed elementor-section-height-default elementor-section-height-default\" data-id=\"6aa2743\" data-element_type=\"section\" data-e-type=\"section\">\n\t\t\t\t\t\t<div class=\"elementor-container elementor-column-gap-default\">\n\t\t\t\t\t<div class=\"elementor-column elementor-col-100 elementor-top-column elementor-element elementor-element-151b588\" data-id=\"151b588\" data-element_type=\"column\" data-e-type=\"column\">\n\t\t\t<div class=\"elementor-widget-wrap elementor-element-populated\">\n\t\t\t\t\t\t<div class=\"elementor-element elementor-element-3f6da68 elementor-widget-divider--view-line elementor-widget elementor-widget-divider\" data-id=\"3f6da68\" data-element_type=\"widget\" data-e-type=\"widget\" data-widget_type=\"divider.default\">\n\t\t\t\t<div class=\"elementor-widget-container\">\n\t\t\t\t\t\t\t<div class=\"elementor-divider\">\n\t\t\t<span class=\"elementor-divider-separator\">\n\t\t\t\t\t\t<\/span>\n\t\t<\/div>\n\t\t\t\t\t\t<\/div>\n\t\t\t\t<\/div>\n\t\t\t\t<section class=\"elementor-section elementor-inner-section elementor-element elementor-element-b758d93 elementor-section-content-bottom elementor-section-boxed elementor-section-height-default elementor-section-height-default\" data-id=\"b758d93\" data-element_type=\"section\" data-e-type=\"section\" data-settings=\"{&quot;background_background&quot;:&quot;classic&quot;}\">\n\t\t\t\t\t\t<div class=\"elementor-container elementor-column-gap-default\">\n\t\t\t\t\t<div class=\"elementor-column elementor-col-33 elementor-inner-column elementor-element elementor-element-bce2046\" data-id=\"bce2046\" data-element_type=\"column\" data-e-type=\"column\">\n\t\t\t<div class=\"elementor-widget-wrap elementor-element-populated\">\n\t\t\t\t\t\t<div class=\"elementor-element elementor-element-de4b7da elementor-widget elementor-widget-image\" data-id=\"de4b7da\" data-element_type=\"widget\" data-e-type=\"widget\" data-widget_type=\"image.default\">\n\t\t\t\t<div class=\"elementor-widget-container\">\n\t\t\t\t\t\t\t\t\t\t\t\t\t\t\t<img decoding=\"async\" width=\"1024\" height=\"312\" src=\"https:\/\/grupodenali.mx\/wp-content\/uploads\/2022\/04\/Logo-Grupo-Denali-final-01-1024x312.png\" class=\"attachment-large size-large wp-image-541\" alt=\"\" srcset=\"https:\/\/grupodenali.mx\/wp-content\/uploads\/2022\/04\/Logo-Grupo-Denali-final-01-1024x312.png 1024w, https:\/\/grupodenali.mx\/wp-content\/uploads\/2022\/04\/Logo-Grupo-Denali-final-01-300x91.png 300w, https:\/\/grupodenali.mx\/wp-content\/uploads\/2022\/04\/Logo-Grupo-Denali-final-01-768x234.png 768w, https:\/\/grupodenali.mx\/wp-content\/uploads\/2022\/04\/Logo-Grupo-Denali-final-01-1536x468.png 1536w, https:\/\/grupodenali.mx\/wp-content\/uploads\/2022\/04\/Logo-Grupo-Denali-final-01-2048x624.png 2048w, https:\/\/grupodenali.mx\/wp-content\/uploads\/2022\/04\/Logo-Grupo-Denali-final-01-260x79.png 260w, https:\/\/grupodenali.mx\/wp-content\/uploads\/2022\/04\/Logo-Grupo-Denali-final-01-50x15.png 50w, https:\/\/grupodenali.mx\/wp-content\/uploads\/2022\/04\/Logo-Grupo-Denali-final-01-150x46.png 150w\" sizes=\"(max-width: 1024px) 100vw, 1024px\" \/>\t\t\t\t\t\t\t\t\t\t\t\t\t\t\t<\/div>\n\t\t\t\t<\/div>\n\t\t\t\t\t<\/div>\n\t\t<\/div>\n\t\t\t\t<div class=\"elementor-column elementor-col-33 elementor-inner-column elementor-element elementor-element-b07755a\" data-id=\"b07755a\" data-element_type=\"column\" data-e-type=\"column\">\n\t\t\t<div class=\"elementor-widget-wrap elementor-element-populated\">\n\t\t\t\t\t\t<div class=\"elementor-element elementor-element-24a7029 elementor-widget elementor-widget-text-editor\" data-id=\"24a7029\" data-element_type=\"widget\" data-e-type=\"widget\" data-widget_type=\"text-editor.default\">\n\t\t\t\t<div class=\"elementor-widget-container\">\n\t\t\t\t\t\t\t\t\t<p><span style=\"color: #999999;\">Guadalajara<\/span><br><span style=\"color: #999999;\">Jalisco, M\u00e9xico<\/span><\/p>\t\t\t\t\t\t\t\t<\/div>\n\t\t\t\t<\/div>\n\t\t\t\t\t<\/div>\n\t\t<\/div>\n\t\t\t\t<div class=\"elementor-column elementor-col-33 elementor-inner-column elementor-element elementor-element-7626a9c\" data-id=\"7626a9c\" data-element_type=\"column\" data-e-type=\"column\">\n\t\t\t<div class=\"elementor-widget-wrap elementor-element-populated\">\n\t\t\t\t\t\t<div class=\"elementor-element elementor-element-e4f4fd6 elementor-widget elementor-widget-text-editor\" data-id=\"e4f4fd6\" data-element_type=\"widget\" data-e-type=\"widget\" data-widget_type=\"text-editor.default\">\n\t\t\t\t<div class=\"elementor-widget-container\">\n\t\t\t\t\t\t\t\t\t<p>Tel: + (52) 33 3334 1104<\/p>\t\t\t\t\t\t\t\t<\/div>\n\t\t\t\t<\/div>\n\t\t\t\t<div class=\"elementor-element elementor-element-6490b7e elementor-widget elementor-widget-text-editor\" data-id=\"6490b7e\" data-element_type=\"widget\" data-e-type=\"widget\" data-widget_type=\"text-editor.default\">\n\t\t\t\t<div class=\"elementor-widget-container\">\n\t\t\t\t\t\t\t\t\t<p><span style=\"color: #999999;\">Email <a style=\"color: #999999;\" href=\"https:\/\/themes.muffingroup.com\/be\/ecofood\/#\"><u>ventas@grupodenali.mx<\/u><\/a><\/span><\/p>\t\t\t\t\t\t\t\t<\/div>\n\t\t\t\t<\/div>\n\t\t\t\t\t<\/div>\n\t\t<\/div>\n\t\t\t\t\t<\/div>\n\t\t<\/section>\n\t\t\t\t\t<\/div>\n\t\t<\/div>\n\t\t\t\t\t<\/div>\n\t\t<\/section>\n\t\t\t\t<\/div>\n\t\t","protected":false},"excerpt":{"rendered":"<p>Ar\u00e1ndano M\u00e1s sobre el Ar\u00e1ndano Ar\u00e1ndano Los ar\u00e1ndanos secos se hacen deshidratando parcialmente ar\u00e1ndanos frescos, de forma similar a como las uvas se convierten en pasas.<span class=\"excerpt-hellip\"> [\u2026]<\/span><\/p>\n","protected":false},"author":1,"featured_media":0,"parent":0,"menu_order":0,"comment_status":"closed","ping_status":"closed","template":"","meta":{"footnotes":""},"class_list":["post-817","page","type-page","status-publish","hentry"],"yoast_head":"<!-- This site is optimized with the Yoast SEO plugin v27.3 - https:\/\/yoast.com\/product\/yoast-seo-wordpress\/ -->\n<title>Ar\u00e1ndano - Grupo Denali<\/title>\n<meta name=\"robots\" content=\"index, follow, max-snippet:-1, max-image-preview:large, max-video-preview:-1\" \/>\n<link rel=\"canonical\" href=\"https:\/\/grupodenali.mx\/?page_id=817\" \/>\n<meta property=\"og:locale\" content=\"es_ES\" \/>\n<meta property=\"og:type\" content=\"article\" \/>\n<meta property=\"og:title\" content=\"Ar\u00e1ndano - Grupo Denali\" \/>\n<meta property=\"og:description\" content=\"Ar\u00e1ndano M\u00e1s sobre el Ar\u00e1ndano Ar\u00e1ndano Los ar\u00e1ndanos secos se hacen deshidratando parcialmente ar\u00e1ndanos frescos, de forma similar a como las uvas se convierten en pasas. [\u2026]\" \/>\n<meta property=\"og:url\" content=\"https:\/\/grupodenali.mx\/?page_id=817\" \/>\n<meta property=\"og:site_name\" content=\"Grupo Denali\" \/>\n<meta property=\"article:modified_time\" content=\"2023-07-24T18:27:27+00:00\" \/>\n<meta property=\"og:image\" content=\"https:\/\/grupodenali.mx\/wp-content\/uploads\/2022\/04\/monton-arandanos-secos-sobre-fondo-blanco-baya-deliciosa_116441-21588.jpg\" \/>\n<meta name=\"twitter:card\" content=\"summary_large_image\" \/>\n<meta name=\"twitter:label1\" content=\"Tiempo de lectura\" \/>\n\t<meta name=\"twitter:data1\" content=\"2 minutos\" \/>\n<script type=\"application\/ld+json\" class=\"yoast-schema-graph\">{\"@context\":\"https:\\\/\\\/schema.org\",\"@graph\":[{\"@type\":\"WebPage\",\"@id\":\"https:\\\/\\\/grupodenali.mx\\\/?page_id=817\",\"url\":\"https:\\\/\\\/grupodenali.mx\\\/?page_id=817\",\"name\":\"Ar\u00e1ndano - Grupo Denali\",\"isPartOf\":{\"@id\":\"https:\\\/\\\/grupodenali.mx\\\/#website\"},\"primaryImageOfPage\":{\"@id\":\"https:\\\/\\\/grupodenali.mx\\\/?page_id=817#primaryimage\"},\"image\":{\"@id\":\"https:\\\/\\\/grupodenali.mx\\\/?page_id=817#primaryimage\"},\"thumbnailUrl\":\"https:\\\/\\\/grupodenali.mx\\\/wp-content\\\/uploads\\\/2022\\\/04\\\/monton-arandanos-secos-sobre-fondo-blanco-baya-deliciosa_116441-21588.jpg\",\"datePublished\":\"2022-04-27T00:29:49+00:00\",\"dateModified\":\"2023-07-24T18:27:27+00:00\",\"breadcrumb\":{\"@id\":\"https:\\\/\\\/grupodenali.mx\\\/?page_id=817#breadcrumb\"},\"inLanguage\":\"es\",\"potentialAction\":[{\"@type\":\"ReadAction\",\"target\":[\"https:\\\/\\\/grupodenali.mx\\\/?page_id=817\"]}]},{\"@type\":\"ImageObject\",\"inLanguage\":\"es\",\"@id\":\"https:\\\/\\\/grupodenali.mx\\\/?page_id=817#primaryimage\",\"url\":\"https:\\\/\\\/grupodenali.mx\\\/wp-content\\\/uploads\\\/2022\\\/04\\\/monton-arandanos-secos-sobre-fondo-blanco-baya-deliciosa_116441-21588.jpg\",\"contentUrl\":\"https:\\\/\\\/grupodenali.mx\\\/wp-content\\\/uploads\\\/2022\\\/04\\\/monton-arandanos-secos-sobre-fondo-blanco-baya-deliciosa_116441-21588.jpg\",\"width\":2000,\"height\":1431,\"caption\":\"Ar\u00e1ndano\"},{\"@type\":\"BreadcrumbList\",\"@id\":\"https:\\\/\\\/grupodenali.mx\\\/?page_id=817#breadcrumb\",\"itemListElement\":[{\"@type\":\"ListItem\",\"position\":1,\"name\":\"Portada\",\"item\":\"https:\\\/\\\/grupodenali.mx\\\/\"},{\"@type\":\"ListItem\",\"position\":2,\"name\":\"Ar\u00e1ndano\"}]},{\"@type\":\"WebSite\",\"@id\":\"https:\\\/\\\/grupodenali.mx\\\/#website\",\"url\":\"https:\\\/\\\/grupodenali.mx\\\/\",\"name\":\"Grupo Denali\",\"description\":\"Grupo Denali\",\"publisher\":{\"@id\":\"https:\\\/\\\/grupodenali.mx\\\/#organization\"},\"potentialAction\":[{\"@type\":\"SearchAction\",\"target\":{\"@type\":\"EntryPoint\",\"urlTemplate\":\"https:\\\/\\\/grupodenali.mx\\\/?s={search_term_string}\"},\"query-input\":{\"@type\":\"PropertyValueSpecification\",\"valueRequired\":true,\"valueName\":\"search_term_string\"}}],\"inLanguage\":\"es\"},{\"@type\":\"Organization\",\"@id\":\"https:\\\/\\\/grupodenali.mx\\\/#organization\",\"name\":\"Grupo Denali\",\"url\":\"https:\\\/\\\/grupodenali.mx\\\/\",\"logo\":{\"@type\":\"ImageObject\",\"inLanguage\":\"es\",\"@id\":\"https:\\\/\\\/grupodenali.mx\\\/#\\\/schema\\\/logo\\\/image\\\/\",\"url\":\"https:\\\/\\\/grupodenali.mx\\\/wp-content\\\/uploads\\\/2022\\\/04\\\/cropped-Logo-Grupo-Denali-final-01.png\",\"contentUrl\":\"https:\\\/\\\/grupodenali.mx\\\/wp-content\\\/uploads\\\/2022\\\/04\\\/cropped-Logo-Grupo-Denali-final-01.png\",\"width\":4038,\"height\":975,\"caption\":\"Grupo Denali\"},\"image\":{\"@id\":\"https:\\\/\\\/grupodenali.mx\\\/#\\\/schema\\\/logo\\\/image\\\/\"}}]}<\/script>\n<!-- \/ Yoast SEO plugin. -->","yoast_head_json":{"title":"Ar\u00e1ndano - Grupo Denali","robots":{"index":"index","follow":"follow","max-snippet":"max-snippet:-1","max-image-preview":"max-image-preview:large","max-video-preview":"max-video-preview:-1"},"canonical":"https:\/\/grupodenali.mx\/?page_id=817","og_locale":"es_ES","og_type":"article","og_title":"Ar\u00e1ndano - Grupo Denali","og_description":"Ar\u00e1ndano M\u00e1s sobre el Ar\u00e1ndano Ar\u00e1ndano Los ar\u00e1ndanos secos se hacen deshidratando parcialmente ar\u00e1ndanos frescos, de forma similar a como las uvas se convierten en pasas. [\u2026]","og_url":"https:\/\/grupodenali.mx\/?page_id=817","og_site_name":"Grupo Denali","article_modified_time":"2023-07-24T18:27:27+00:00","og_image":[{"url":"https:\/\/grupodenali.mx\/wp-content\/uploads\/2022\/04\/monton-arandanos-secos-sobre-fondo-blanco-baya-deliciosa_116441-21588.jpg","type":"","width":"","height":""}],"twitter_card":"summary_large_image","twitter_misc":{"Tiempo de lectura":"2 minutos"},"schema":{"@context":"https:\/\/schema.org","@graph":[{"@type":"WebPage","@id":"https:\/\/grupodenali.mx\/?page_id=817","url":"https:\/\/grupodenali.mx\/?page_id=817","name":"Ar\u00e1ndano - Grupo Denali","isPartOf":{"@id":"https:\/\/grupodenali.mx\/#website"},"primaryImageOfPage":{"@id":"https:\/\/grupodenali.mx\/?page_id=817#primaryimage"},"image":{"@id":"https:\/\/grupodenali.mx\/?page_id=817#primaryimage"},"thumbnailUrl":"https:\/\/grupodenali.mx\/wp-content\/uploads\/2022\/04\/monton-arandanos-secos-sobre-fondo-blanco-baya-deliciosa_116441-21588.jpg","datePublished":"2022-04-27T00:29:49+00:00","dateModified":"2023-07-24T18:27:27+00:00","breadcrumb":{"@id":"https:\/\/grupodenali.mx\/?page_id=817#breadcrumb"},"inLanguage":"es","potentialAction":[{"@type":"ReadAction","target":["https:\/\/grupodenali.mx\/?page_id=817"]}]},{"@type":"ImageObject","inLanguage":"es","@id":"https:\/\/grupodenali.mx\/?page_id=817#primaryimage","url":"https:\/\/grupodenali.mx\/wp-content\/uploads\/2022\/04\/monton-arandanos-secos-sobre-fondo-blanco-baya-deliciosa_116441-21588.jpg","contentUrl":"https:\/\/grupodenali.mx\/wp-content\/uploads\/2022\/04\/monton-arandanos-secos-sobre-fondo-blanco-baya-deliciosa_116441-21588.jpg","width":2000,"height":1431,"caption":"Ar\u00e1ndano"},{"@type":"BreadcrumbList","@id":"https:\/\/grupodenali.mx\/?page_id=817#breadcrumb","itemListElement":[{"@type":"ListItem","position":1,"name":"Portada","item":"https:\/\/grupodenali.mx\/"},{"@type":"ListItem","position":2,"name":"Ar\u00e1ndano"}]},{"@type":"WebSite","@id":"https:\/\/grupodenali.mx\/#website","url":"https:\/\/grupodenali.mx\/","name":"Grupo Denali","description":"Grupo Denali","publisher":{"@id":"https:\/\/grupodenali.mx\/#organization"},"potentialAction":[{"@type":"SearchAction","target":{"@type":"EntryPoint","urlTemplate":"https:\/\/grupodenali.mx\/?s={search_term_string}"},"query-input":{"@type":"PropertyValueSpecification","valueRequired":true,"valueName":"search_term_string"}}],"inLanguage":"es"},{"@type":"Organization","@id":"https:\/\/grupodenali.mx\/#organization","name":"Grupo Denali","url":"https:\/\/grupodenali.mx\/","logo":{"@type":"ImageObject","inLanguage":"es","@id":"https:\/\/grupodenali.mx\/#\/schema\/logo\/image\/","url":"https:\/\/grupodenali.mx\/wp-content\/uploads\/2022\/04\/cropped-Logo-Grupo-Denali-final-01.png","contentUrl":"https:\/\/grupodenali.mx\/wp-content\/uploads\/2022\/04\/cropped-Logo-Grupo-Denali-final-01.png","width":4038,"height":975,"caption":"Grupo Denali"},"image":{"@id":"https:\/\/grupodenali.mx\/#\/schema\/logo\/image\/"}}]}},"_links":{"self":[{"href":"https:\/\/grupodenali.mx\/index.php?rest_route=\/wp\/v2\/pages\/817","targetHints":{"allow":["GET"]}}],"collection":[{"href":"https:\/\/grupodenali.mx\/index.php?rest_route=\/wp\/v2\/pages"}],"about":[{"href":"https:\/\/grupodenali.mx\/index.php?rest_route=\/wp\/v2\/types\/page"}],"author":[{"embeddable":true,"href":"https:\/\/grupodenali.mx\/index.php?rest_route=\/wp\/v2\/users\/1"}],"replies":[{"embeddable":true,"href":"https:\/\/grupodenali.mx\/index.php?rest_route=%2Fwp%2Fv2%2Fcomments&post=817"}],"version-history":[{"count":31,"href":"https:\/\/grupodenali.mx\/index.php?rest_route=\/wp\/v2\/pages\/817\/revisions"}],"predecessor-version":[{"id":1297,"href":"https:\/\/grupodenali.mx\/index.php?rest_route=\/wp\/v2\/pages\/817\/revisions\/1297"}],"wp:attachment":[{"href":"https:\/\/grupodenali.mx\/index.php?rest_route=%2Fwp%2Fv2%2Fmedia&parent=817"}],"curies":[{"name":"wp","href":"https:\/\/api.w.org\/{rel}","templated":true}]}}