{"id":815,"date":"2022-04-27T00:29:19","date_gmt":"2022-04-27T00:29:19","guid":{"rendered":"https:\/\/grupodenali.mx\/?page_id=815"},"modified":"2023-07-24T18:27:58","modified_gmt":"2023-07-24T18:27:58","slug":"ciruela-pasa","status":"publish","type":"page","link":"https:\/\/grupodenali.mx\/?page_id=815","title":{"rendered":"Ciruela pasa"},"content":{"rendered":"\t\t<div data-elementor-type=\"wp-page\" data-elementor-id=\"815\" class=\"elementor elementor-815\">\n\t\t\t\t\t\t<section class=\"elementor-section elementor-top-section elementor-element elementor-element-d23a12a elementor-section-stretched elementor-section-boxed elementor-section-height-default elementor-section-height-default\" data-id=\"d23a12a\" data-element_type=\"section\" data-e-type=\"section\" data-settings=\"{&quot;stretch_section&quot;:&quot;section-stretched&quot;,&quot;background_background&quot;:&quot;classic&quot;}\">\n\t\t\t\t\t\t<div class=\"elementor-container elementor-column-gap-wider\">\n\t\t\t\t\t<div class=\"elementor-column elementor-col-100 elementor-top-column elementor-element elementor-element-4239dfd\" data-id=\"4239dfd\" data-element_type=\"column\" data-e-type=\"column\">\n\t\t\t<div class=\"elementor-widget-wrap elementor-element-populated\">\n\t\t\t\t\t\t<div class=\"elementor-element elementor-element-ae24078 elementor-widget elementor-widget-heading\" data-id=\"ae24078\" data-element_type=\"widget\" data-e-type=\"widget\" data-widget_type=\"heading.default\">\n\t\t\t\t<div class=\"elementor-widget-container\">\n\t\t\t\t\t<h1 class=\"elementor-heading-title elementor-size-default\">Ciruela pasa<\/h1>\t\t\t\t<\/div>\n\t\t\t\t<\/div>\n\t\t\t\t\t<\/div>\n\t\t<\/div>\n\t\t\t\t\t<\/div>\n\t\t<\/section>\n\t\t\t\t<section class=\"elementor-section elementor-top-section elementor-element elementor-element-1eb26ae elementor-section-boxed elementor-section-height-default elementor-section-height-default\" data-id=\"1eb26ae\" data-element_type=\"section\" data-e-type=\"section\">\n\t\t\t\t\t\t<div class=\"elementor-container elementor-column-gap-default\">\n\t\t\t\t\t<div class=\"elementor-column elementor-col-100 elementor-top-column elementor-element elementor-element-4c23a31\" data-id=\"4c23a31\" data-element_type=\"column\" data-e-type=\"column\">\n\t\t\t<div class=\"elementor-widget-wrap elementor-element-populated\">\n\t\t\t\t\t\t<div class=\"elementor-element elementor-element-e6b7f2b elementor-widget elementor-widget-spacer\" data-id=\"e6b7f2b\" data-element_type=\"widget\" data-e-type=\"widget\" data-widget_type=\"spacer.default\">\n\t\t\t\t<div class=\"elementor-widget-container\">\n\t\t\t\t\t\t\t<div class=\"elementor-spacer\">\n\t\t\t<div class=\"elementor-spacer-inner\"><\/div>\n\t\t<\/div>\n\t\t\t\t\t\t<\/div>\n\t\t\t\t<\/div>\n\t\t\t\t<div class=\"elementor-element elementor-element-d033ed0 elementor-invisible elementor-widget elementor-widget-heading\" data-id=\"d033ed0\" data-element_type=\"widget\" data-e-type=\"widget\" data-settings=\"{&quot;_animation&quot;:&quot;bounceIn&quot;}\" data-widget_type=\"heading.default\">\n\t\t\t\t<div class=\"elementor-widget-container\">\n\t\t\t\t\t<h2 class=\"elementor-heading-title elementor-size-default\">M\u00e1s sobre la Ciruela pasa<\/h2>\t\t\t\t<\/div>\n\t\t\t\t<\/div>\n\t\t\t\t<div class=\"elementor-element elementor-element-9607c4f elementor-widget elementor-widget-spacer\" data-id=\"9607c4f\" data-element_type=\"widget\" data-e-type=\"widget\" data-widget_type=\"spacer.default\">\n\t\t\t\t<div class=\"elementor-widget-container\">\n\t\t\t\t\t\t\t<div class=\"elementor-spacer\">\n\t\t\t<div class=\"elementor-spacer-inner\"><\/div>\n\t\t<\/div>\n\t\t\t\t\t\t<\/div>\n\t\t\t\t<\/div>\n\t\t\t\t<div class=\"elementor-element elementor-element-18142a0 elementor-position-left elementor-vertical-align-top elementor-widget elementor-widget-image-box\" data-id=\"18142a0\" data-element_type=\"widget\" data-e-type=\"widget\" data-widget_type=\"image-box.default\">\n\t\t\t\t<div class=\"elementor-widget-container\">\n\t\t\t\t\t<div class=\"elementor-image-box-wrapper\"><figure class=\"elementor-image-box-img\"><img fetchpriority=\"high\" decoding=\"async\" width=\"2560\" height=\"1707\" src=\"https:\/\/grupodenali.mx\/wp-content\/uploads\/2022\/04\/vecteezy_dried-plums-in-close-up_7065002_999-scaled.jpg\" class=\"attachment-full size-full wp-image-182\" alt=\"\" srcset=\"https:\/\/grupodenali.mx\/wp-content\/uploads\/2022\/04\/vecteezy_dried-plums-in-close-up_7065002_999-scaled.jpg 2560w, https:\/\/grupodenali.mx\/wp-content\/uploads\/2022\/04\/vecteezy_dried-plums-in-close-up_7065002_999-300x200.jpg 300w, https:\/\/grupodenali.mx\/wp-content\/uploads\/2022\/04\/vecteezy_dried-plums-in-close-up_7065002_999-1024x683.jpg 1024w, https:\/\/grupodenali.mx\/wp-content\/uploads\/2022\/04\/vecteezy_dried-plums-in-close-up_7065002_999-768x512.jpg 768w, https:\/\/grupodenali.mx\/wp-content\/uploads\/2022\/04\/vecteezy_dried-plums-in-close-up_7065002_999-1536x1024.jpg 1536w, https:\/\/grupodenali.mx\/wp-content\/uploads\/2022\/04\/vecteezy_dried-plums-in-close-up_7065002_999-2048x1365.jpg 2048w, https:\/\/grupodenali.mx\/wp-content\/uploads\/2022\/04\/vecteezy_dried-plums-in-close-up_7065002_999-219x146.jpg 219w, https:\/\/grupodenali.mx\/wp-content\/uploads\/2022\/04\/vecteezy_dried-plums-in-close-up_7065002_999-50x33.jpg 50w, https:\/\/grupodenali.mx\/wp-content\/uploads\/2022\/04\/vecteezy_dried-plums-in-close-up_7065002_999-113x75.jpg 113w\" sizes=\"(max-width: 2560px) 100vw, 2560px\" \/><\/figure><div class=\"elementor-image-box-content\"><h2 class=\"elementor-image-box-title\">Ciruela pasa<\/h2><p class=\"elementor-image-box-description\">La ciruela pasa es un fruto seco de sabor dulce con un alto contenido energ\u00e9tico, vitaminas y minerales los cuales traen diversos beneficios a la salud\n<\/p><\/div><\/div>\t\t\t\t<\/div>\n\t\t\t\t<\/div>\n\t\t\t\t<section class=\"elementor-section elementor-inner-section elementor-element elementor-element-36031ed elementor-section-boxed elementor-section-height-default elementor-section-height-default\" data-id=\"36031ed\" data-element_type=\"section\" data-e-type=\"section\">\n\t\t\t\t\t\t<div class=\"elementor-container elementor-column-gap-default\">\n\t\t\t\t\t<div class=\"elementor-column elementor-col-50 elementor-inner-column elementor-element elementor-element-daa66bb\" data-id=\"daa66bb\" data-element_type=\"column\" data-e-type=\"column\">\n\t\t\t<div class=\"elementor-widget-wrap elementor-element-populated\">\n\t\t\t\t\t\t<div class=\"elementor-element elementor-element-00055fa elementor-widget elementor-widget-text-editor\" data-id=\"00055fa\" data-element_type=\"widget\" data-e-type=\"widget\" data-widget_type=\"text-editor.default\">\n\t\t\t\t<div class=\"elementor-widget-container\">\n\t\t\t\t\t\t\t\t\t<p>Este a\u00f1o, hay competencia principalmente de Espa\u00f1a en el mercado nacional, ya que el pa\u00eds ha perdido Brasil como destino. \u00abNormalmente no vemos tantas ciruelas espa\u00f1olas en los mercados de Estados Unidos, Canad\u00e1 y M\u00e9xico, pero este a\u00f1o s\u00ed\u00bb, indica un comerciante. No obstante, no se teme tanto la competencia, porque la demanda de ciruelas en el mercado nacional es buena, as\u00ed como los precios. Las cosas habr\u00edan sido distintas si Estados Unidos hubiera tenido una cosecha de r\u00e9cord. Los productores estadounidenses tambi\u00e9n exportan parte de sus ciruelas al mercado del sudeste asi\u00e1tico, pero all\u00ed la demanda tambi\u00e9n es media debido a la competencia espa\u00f1ola. Los precios tanto en el mercado nacional como en el de exportaci\u00f3n son m\u00e1s altos que el a\u00f1o pasado.<\/p>\t\t\t\t\t\t\t\t<\/div>\n\t\t\t\t<\/div>\n\t\t\t\t\t<\/div>\n\t\t<\/div>\n\t\t\t\t<div class=\"elementor-column elementor-col-50 elementor-inner-column elementor-element elementor-element-e739341\" data-id=\"e739341\" data-element_type=\"column\" data-e-type=\"column\">\n\t\t\t<div class=\"elementor-widget-wrap elementor-element-populated\">\n\t\t\t\t\t\t<div class=\"elementor-element elementor-element-12d583e elementor-widget elementor-widget-image\" data-id=\"12d583e\" data-element_type=\"widget\" data-e-type=\"widget\" data-widget_type=\"image.default\">\n\t\t\t\t<div class=\"elementor-widget-container\">\n\t\t\t\t\t\t\t\t\t\t\t\t\t\t\t<img decoding=\"async\" width=\"1024\" height=\"477\" src=\"https:\/\/grupodenali.mx\/wp-content\/uploads\/2022\/04\/cuantas-ciruelas-pasas-debo-comer-para-el-estrenimiento-1200-1024x477.jpg\" class=\"attachment-large size-large wp-image-845\" alt=\"\" srcset=\"https:\/\/grupodenali.mx\/wp-content\/uploads\/2022\/04\/cuantas-ciruelas-pasas-debo-comer-para-el-estrenimiento-1200-1024x477.jpg 1024w, https:\/\/grupodenali.mx\/wp-content\/uploads\/2022\/04\/cuantas-ciruelas-pasas-debo-comer-para-el-estrenimiento-1200-300x140.jpg 300w, https:\/\/grupodenali.mx\/wp-content\/uploads\/2022\/04\/cuantas-ciruelas-pasas-debo-comer-para-el-estrenimiento-1200-768x358.jpg 768w, https:\/\/grupodenali.mx\/wp-content\/uploads\/2022\/04\/cuantas-ciruelas-pasas-debo-comer-para-el-estrenimiento-1200-260x121.jpg 260w, https:\/\/grupodenali.mx\/wp-content\/uploads\/2022\/04\/cuantas-ciruelas-pasas-debo-comer-para-el-estrenimiento-1200-50x23.jpg 50w, https:\/\/grupodenali.mx\/wp-content\/uploads\/2022\/04\/cuantas-ciruelas-pasas-debo-comer-para-el-estrenimiento-1200-150x70.jpg 150w, https:\/\/grupodenali.mx\/wp-content\/uploads\/2022\/04\/cuantas-ciruelas-pasas-debo-comer-para-el-estrenimiento-1200.jpg 1200w\" sizes=\"(max-width: 1024px) 100vw, 1024px\" \/>\t\t\t\t\t\t\t\t\t\t\t\t\t\t\t<\/div>\n\t\t\t\t<\/div>\n\t\t\t\t\t<\/div>\n\t\t<\/div>\n\t\t\t\t\t<\/div>\n\t\t<\/section>\n\t\t\t\t\t<\/div>\n\t\t<\/div>\n\t\t\t\t\t<\/div>\n\t\t<\/section>\n\t\t\t\t<section class=\"elementor-section elementor-top-section elementor-element elementor-element-dcf85fe elementor-section-boxed elementor-section-height-default elementor-section-height-default\" data-id=\"dcf85fe\" data-element_type=\"section\" data-e-type=\"section\">\n\t\t\t\t\t\t<div class=\"elementor-container elementor-column-gap-default\">\n\t\t\t\t\t<div class=\"elementor-column elementor-col-100 elementor-top-column elementor-element elementor-element-9ff4ec7\" data-id=\"9ff4ec7\" data-element_type=\"column\" data-e-type=\"column\">\n\t\t\t<div class=\"elementor-widget-wrap elementor-element-populated\">\n\t\t\t\t\t\t<div class=\"elementor-element elementor-element-f52ac36 elementor-widget-divider--view-line elementor-widget elementor-widget-divider\" data-id=\"f52ac36\" data-element_type=\"widget\" data-e-type=\"widget\" data-widget_type=\"divider.default\">\n\t\t\t\t<div class=\"elementor-widget-container\">\n\t\t\t\t\t\t\t<div class=\"elementor-divider\">\n\t\t\t<span class=\"elementor-divider-separator\">\n\t\t\t\t\t\t<\/span>\n\t\t<\/div>\n\t\t\t\t\t\t<\/div>\n\t\t\t\t<\/div>\n\t\t\t\t<section class=\"elementor-section elementor-inner-section elementor-element elementor-element-637b101 elementor-section-content-bottom elementor-section-boxed elementor-section-height-default elementor-section-height-default\" data-id=\"637b101\" data-element_type=\"section\" data-e-type=\"section\" data-settings=\"{&quot;background_background&quot;:&quot;classic&quot;}\">\n\t\t\t\t\t\t<div class=\"elementor-container elementor-column-gap-default\">\n\t\t\t\t\t<div class=\"elementor-column elementor-col-33 elementor-inner-column elementor-element elementor-element-d0d2b28\" data-id=\"d0d2b28\" data-element_type=\"column\" data-e-type=\"column\">\n\t\t\t<div class=\"elementor-widget-wrap elementor-element-populated\">\n\t\t\t\t\t\t<div class=\"elementor-element elementor-element-b9e2121 elementor-widget elementor-widget-image\" data-id=\"b9e2121\" data-element_type=\"widget\" data-e-type=\"widget\" data-widget_type=\"image.default\">\n\t\t\t\t<div class=\"elementor-widget-container\">\n\t\t\t\t\t\t\t\t\t\t\t\t\t\t\t<img decoding=\"async\" width=\"1024\" height=\"312\" src=\"https:\/\/grupodenali.mx\/wp-content\/uploads\/2022\/04\/Logo-Grupo-Denali-final-01-1024x312.png\" class=\"attachment-large size-large wp-image-541\" alt=\"\" srcset=\"https:\/\/grupodenali.mx\/wp-content\/uploads\/2022\/04\/Logo-Grupo-Denali-final-01-1024x312.png 1024w, https:\/\/grupodenali.mx\/wp-content\/uploads\/2022\/04\/Logo-Grupo-Denali-final-01-300x91.png 300w, https:\/\/grupodenali.mx\/wp-content\/uploads\/2022\/04\/Logo-Grupo-Denali-final-01-768x234.png 768w, https:\/\/grupodenali.mx\/wp-content\/uploads\/2022\/04\/Logo-Grupo-Denali-final-01-1536x468.png 1536w, https:\/\/grupodenali.mx\/wp-content\/uploads\/2022\/04\/Logo-Grupo-Denali-final-01-2048x624.png 2048w, https:\/\/grupodenali.mx\/wp-content\/uploads\/2022\/04\/Logo-Grupo-Denali-final-01-260x79.png 260w, https:\/\/grupodenali.mx\/wp-content\/uploads\/2022\/04\/Logo-Grupo-Denali-final-01-50x15.png 50w, https:\/\/grupodenali.mx\/wp-content\/uploads\/2022\/04\/Logo-Grupo-Denali-final-01-150x46.png 150w\" sizes=\"(max-width: 1024px) 100vw, 1024px\" \/>\t\t\t\t\t\t\t\t\t\t\t\t\t\t\t<\/div>\n\t\t\t\t<\/div>\n\t\t\t\t\t<\/div>\n\t\t<\/div>\n\t\t\t\t<div class=\"elementor-column elementor-col-33 elementor-inner-column elementor-element elementor-element-7fca9e2\" data-id=\"7fca9e2\" data-element_type=\"column\" data-e-type=\"column\">\n\t\t\t<div class=\"elementor-widget-wrap elementor-element-populated\">\n\t\t\t\t\t\t<div class=\"elementor-element elementor-element-5579132 elementor-widget elementor-widget-text-editor\" data-id=\"5579132\" data-element_type=\"widget\" data-e-type=\"widget\" data-widget_type=\"text-editor.default\">\n\t\t\t\t<div class=\"elementor-widget-container\">\n\t\t\t\t\t\t\t\t\t<p><span style=\"color: #999999;\">Guadalajara<\/span><br><span style=\"color: #999999;\">Jalisco, M\u00e9xico<\/span><\/p>\t\t\t\t\t\t\t\t<\/div>\n\t\t\t\t<\/div>\n\t\t\t\t\t<\/div>\n\t\t<\/div>\n\t\t\t\t<div class=\"elementor-column elementor-col-33 elementor-inner-column elementor-element elementor-element-c8831dc\" data-id=\"c8831dc\" data-element_type=\"column\" data-e-type=\"column\">\n\t\t\t<div class=\"elementor-widget-wrap elementor-element-populated\">\n\t\t\t\t\t\t<div class=\"elementor-element elementor-element-24e9d17 elementor-widget elementor-widget-text-editor\" data-id=\"24e9d17\" data-element_type=\"widget\" data-e-type=\"widget\" data-widget_type=\"text-editor.default\">\n\t\t\t\t<div class=\"elementor-widget-container\">\n\t\t\t\t\t\t\t\t\t<p>Tel: + (52) 33 3334 1104<\/p>\t\t\t\t\t\t\t\t<\/div>\n\t\t\t\t<\/div>\n\t\t\t\t<div class=\"elementor-element elementor-element-945bb6f elementor-widget elementor-widget-text-editor\" data-id=\"945bb6f\" data-element_type=\"widget\" data-e-type=\"widget\" data-widget_type=\"text-editor.default\">\n\t\t\t\t<div class=\"elementor-widget-container\">\n\t\t\t\t\t\t\t\t\t<p><span style=\"color: #999999;\">Email <a style=\"color: #999999;\" href=\"mailto:info@grupodenali.mx\"><u>ventas@grupodenali.mx<\/u><\/a><\/span><\/p>\t\t\t\t\t\t\t\t<\/div>\n\t\t\t\t<\/div>\n\t\t\t\t\t<\/div>\n\t\t<\/div>\n\t\t\t\t\t<\/div>\n\t\t<\/section>\n\t\t\t\t\t<\/div>\n\t\t<\/div>\n\t\t\t\t\t<\/div>\n\t\t<\/section>\n\t\t\t\t<\/div>\n\t\t","protected":false},"excerpt":{"rendered":"<p>Ciruela pasa M\u00e1s sobre la Ciruela pasa Ciruela pasa La ciruela pasa es un fruto seco de sabor dulce con un alto contenido energ\u00e9tico, vitaminas y<span class=\"excerpt-hellip\"> [\u2026]<\/span><\/p>\n","protected":false},"author":1,"featured_media":0,"parent":0,"menu_order":0,"comment_status":"closed","ping_status":"closed","template":"","meta":{"footnotes":""},"class_list":["post-815","page","type-page","status-publish","hentry"],"yoast_head":"<!-- This site is optimized with the Yoast SEO plugin v27.3 - https:\/\/yoast.com\/product\/yoast-seo-wordpress\/ -->\n<title>Ciruela pasa - Grupo Denali<\/title>\n<meta name=\"robots\" content=\"index, follow, max-snippet:-1, max-image-preview:large, max-video-preview:-1\" \/>\n<link rel=\"canonical\" href=\"https:\/\/grupodenali.mx\/?page_id=815\" \/>\n<meta property=\"og:locale\" content=\"es_ES\" \/>\n<meta property=\"og:type\" content=\"article\" \/>\n<meta property=\"og:title\" content=\"Ciruela pasa - Grupo Denali\" \/>\n<meta property=\"og:description\" content=\"Ciruela pasa M\u00e1s sobre la Ciruela pasa Ciruela pasa La ciruela pasa es un fruto seco de sabor dulce con un alto contenido energ\u00e9tico, vitaminas y [\u2026]\" \/>\n<meta property=\"og:url\" content=\"https:\/\/grupodenali.mx\/?page_id=815\" \/>\n<meta property=\"og:site_name\" content=\"Grupo Denali\" \/>\n<meta property=\"article:modified_time\" content=\"2023-07-24T18:27:58+00:00\" \/>\n<meta property=\"og:image\" content=\"https:\/\/grupodenali.mx\/wp-content\/uploads\/2022\/04\/vecteezy_dried-plums-in-close-up_7065002_999-scaled.jpg\" \/>\n<meta name=\"twitter:card\" content=\"summary_large_image\" \/>\n<meta name=\"twitter:label1\" content=\"Tiempo de lectura\" \/>\n\t<meta name=\"twitter:data1\" content=\"2 minutos\" \/>\n<script type=\"application\/ld+json\" class=\"yoast-schema-graph\">{\"@context\":\"https:\\\/\\\/schema.org\",\"@graph\":[{\"@type\":\"WebPage\",\"@id\":\"https:\\\/\\\/grupodenali.mx\\\/?page_id=815\",\"url\":\"https:\\\/\\\/grupodenali.mx\\\/?page_id=815\",\"name\":\"Ciruela pasa - Grupo Denali\",\"isPartOf\":{\"@id\":\"https:\\\/\\\/grupodenali.mx\\\/#website\"},\"primaryImageOfPage\":{\"@id\":\"https:\\\/\\\/grupodenali.mx\\\/?page_id=815#primaryimage\"},\"image\":{\"@id\":\"https:\\\/\\\/grupodenali.mx\\\/?page_id=815#primaryimage\"},\"thumbnailUrl\":\"https:\\\/\\\/grupodenali.mx\\\/wp-content\\\/uploads\\\/2022\\\/04\\\/vecteezy_dried-plums-in-close-up_7065002_999-scaled.jpg\",\"datePublished\":\"2022-04-27T00:29:19+00:00\",\"dateModified\":\"2023-07-24T18:27:58+00:00\",\"breadcrumb\":{\"@id\":\"https:\\\/\\\/grupodenali.mx\\\/?page_id=815#breadcrumb\"},\"inLanguage\":\"es\",\"potentialAction\":[{\"@type\":\"ReadAction\",\"target\":[\"https:\\\/\\\/grupodenali.mx\\\/?page_id=815\"]}]},{\"@type\":\"ImageObject\",\"inLanguage\":\"es\",\"@id\":\"https:\\\/\\\/grupodenali.mx\\\/?page_id=815#primaryimage\",\"url\":\"https:\\\/\\\/grupodenali.mx\\\/wp-content\\\/uploads\\\/2022\\\/04\\\/vecteezy_dried-plums-in-close-up_7065002_999-scaled.jpg\",\"contentUrl\":\"https:\\\/\\\/grupodenali.mx\\\/wp-content\\\/uploads\\\/2022\\\/04\\\/vecteezy_dried-plums-in-close-up_7065002_999-scaled.jpg\",\"width\":2560,\"height\":1707,\"caption\":\"Ciruela pasa\"},{\"@type\":\"BreadcrumbList\",\"@id\":\"https:\\\/\\\/grupodenali.mx\\\/?page_id=815#breadcrumb\",\"itemListElement\":[{\"@type\":\"ListItem\",\"position\":1,\"name\":\"Portada\",\"item\":\"https:\\\/\\\/grupodenali.mx\\\/\"},{\"@type\":\"ListItem\",\"position\":2,\"name\":\"Ciruela pasa\"}]},{\"@type\":\"WebSite\",\"@id\":\"https:\\\/\\\/grupodenali.mx\\\/#website\",\"url\":\"https:\\\/\\\/grupodenali.mx\\\/\",\"name\":\"Grupo Denali\",\"description\":\"Grupo Denali\",\"publisher\":{\"@id\":\"https:\\\/\\\/grupodenali.mx\\\/#organization\"},\"potentialAction\":[{\"@type\":\"SearchAction\",\"target\":{\"@type\":\"EntryPoint\",\"urlTemplate\":\"https:\\\/\\\/grupodenali.mx\\\/?s={search_term_string}\"},\"query-input\":{\"@type\":\"PropertyValueSpecification\",\"valueRequired\":true,\"valueName\":\"search_term_string\"}}],\"inLanguage\":\"es\"},{\"@type\":\"Organization\",\"@id\":\"https:\\\/\\\/grupodenali.mx\\\/#organization\",\"name\":\"Grupo Denali\",\"url\":\"https:\\\/\\\/grupodenali.mx\\\/\",\"logo\":{\"@type\":\"ImageObject\",\"inLanguage\":\"es\",\"@id\":\"https:\\\/\\\/grupodenali.mx\\\/#\\\/schema\\\/logo\\\/image\\\/\",\"url\":\"https:\\\/\\\/grupodenali.mx\\\/wp-content\\\/uploads\\\/2022\\\/04\\\/cropped-Logo-Grupo-Denali-final-01.png\",\"contentUrl\":\"https:\\\/\\\/grupodenali.mx\\\/wp-content\\\/uploads\\\/2022\\\/04\\\/cropped-Logo-Grupo-Denali-final-01.png\",\"width\":4038,\"height\":975,\"caption\":\"Grupo Denali\"},\"image\":{\"@id\":\"https:\\\/\\\/grupodenali.mx\\\/#\\\/schema\\\/logo\\\/image\\\/\"}}]}<\/script>\n<!-- \/ Yoast SEO plugin. -->","yoast_head_json":{"title":"Ciruela pasa - Grupo Denali","robots":{"index":"index","follow":"follow","max-snippet":"max-snippet:-1","max-image-preview":"max-image-preview:large","max-video-preview":"max-video-preview:-1"},"canonical":"https:\/\/grupodenali.mx\/?page_id=815","og_locale":"es_ES","og_type":"article","og_title":"Ciruela pasa - Grupo Denali","og_description":"Ciruela pasa M\u00e1s sobre la Ciruela pasa Ciruela pasa La ciruela pasa es un fruto seco de sabor dulce con un alto contenido energ\u00e9tico, vitaminas y [\u2026]","og_url":"https:\/\/grupodenali.mx\/?page_id=815","og_site_name":"Grupo Denali","article_modified_time":"2023-07-24T18:27:58+00:00","og_image":[{"url":"https:\/\/grupodenali.mx\/wp-content\/uploads\/2022\/04\/vecteezy_dried-plums-in-close-up_7065002_999-scaled.jpg","type":"","width":"","height":""}],"twitter_card":"summary_large_image","twitter_misc":{"Tiempo de lectura":"2 minutos"},"schema":{"@context":"https:\/\/schema.org","@graph":[{"@type":"WebPage","@id":"https:\/\/grupodenali.mx\/?page_id=815","url":"https:\/\/grupodenali.mx\/?page_id=815","name":"Ciruela pasa - Grupo Denali","isPartOf":{"@id":"https:\/\/grupodenali.mx\/#website"},"primaryImageOfPage":{"@id":"https:\/\/grupodenali.mx\/?page_id=815#primaryimage"},"image":{"@id":"https:\/\/grupodenali.mx\/?page_id=815#primaryimage"},"thumbnailUrl":"https:\/\/grupodenali.mx\/wp-content\/uploads\/2022\/04\/vecteezy_dried-plums-in-close-up_7065002_999-scaled.jpg","datePublished":"2022-04-27T00:29:19+00:00","dateModified":"2023-07-24T18:27:58+00:00","breadcrumb":{"@id":"https:\/\/grupodenali.mx\/?page_id=815#breadcrumb"},"inLanguage":"es","potentialAction":[{"@type":"ReadAction","target":["https:\/\/grupodenali.mx\/?page_id=815"]}]},{"@type":"ImageObject","inLanguage":"es","@id":"https:\/\/grupodenali.mx\/?page_id=815#primaryimage","url":"https:\/\/grupodenali.mx\/wp-content\/uploads\/2022\/04\/vecteezy_dried-plums-in-close-up_7065002_999-scaled.jpg","contentUrl":"https:\/\/grupodenali.mx\/wp-content\/uploads\/2022\/04\/vecteezy_dried-plums-in-close-up_7065002_999-scaled.jpg","width":2560,"height":1707,"caption":"Ciruela pasa"},{"@type":"BreadcrumbList","@id":"https:\/\/grupodenali.mx\/?page_id=815#breadcrumb","itemListElement":[{"@type":"ListItem","position":1,"name":"Portada","item":"https:\/\/grupodenali.mx\/"},{"@type":"ListItem","position":2,"name":"Ciruela pasa"}]},{"@type":"WebSite","@id":"https:\/\/grupodenali.mx\/#website","url":"https:\/\/grupodenali.mx\/","name":"Grupo Denali","description":"Grupo Denali","publisher":{"@id":"https:\/\/grupodenali.mx\/#organization"},"potentialAction":[{"@type":"SearchAction","target":{"@type":"EntryPoint","urlTemplate":"https:\/\/grupodenali.mx\/?s={search_term_string}"},"query-input":{"@type":"PropertyValueSpecification","valueRequired":true,"valueName":"search_term_string"}}],"inLanguage":"es"},{"@type":"Organization","@id":"https:\/\/grupodenali.mx\/#organization","name":"Grupo Denali","url":"https:\/\/grupodenali.mx\/","logo":{"@type":"ImageObject","inLanguage":"es","@id":"https:\/\/grupodenali.mx\/#\/schema\/logo\/image\/","url":"https:\/\/grupodenali.mx\/wp-content\/uploads\/2022\/04\/cropped-Logo-Grupo-Denali-final-01.png","contentUrl":"https:\/\/grupodenali.mx\/wp-content\/uploads\/2022\/04\/cropped-Logo-Grupo-Denali-final-01.png","width":4038,"height":975,"caption":"Grupo Denali"},"image":{"@id":"https:\/\/grupodenali.mx\/#\/schema\/logo\/image\/"}}]}},"_links":{"self":[{"href":"https:\/\/grupodenali.mx\/index.php?rest_route=\/wp\/v2\/pages\/815","targetHints":{"allow":["GET"]}}],"collection":[{"href":"https:\/\/grupodenali.mx\/index.php?rest_route=\/wp\/v2\/pages"}],"about":[{"href":"https:\/\/grupodenali.mx\/index.php?rest_route=\/wp\/v2\/types\/page"}],"author":[{"embeddable":true,"href":"https:\/\/grupodenali.mx\/index.php?rest_route=\/wp\/v2\/users\/1"}],"replies":[{"embeddable":true,"href":"https:\/\/grupodenali.mx\/index.php?rest_route=%2Fwp%2Fv2%2Fcomments&post=815"}],"version-history":[{"count":34,"href":"https:\/\/grupodenali.mx\/index.php?rest_route=\/wp\/v2\/pages\/815\/revisions"}],"predecessor-version":[{"id":1300,"href":"https:\/\/grupodenali.mx\/index.php?rest_route=\/wp\/v2\/pages\/815\/revisions\/1300"}],"wp:attachment":[{"href":"https:\/\/grupodenali.mx\/index.php?rest_route=%2Fwp%2Fv2%2Fmedia&parent=815"}],"curies":[{"name":"wp","href":"https:\/\/api.w.org\/{rel}","templated":true}]}}