{"id":811,"date":"2022-04-27T00:28:20","date_gmt":"2022-04-27T00:28:20","guid":{"rendered":"https:\/\/grupodenali.mx\/?page_id=811"},"modified":"2023-07-24T18:31:46","modified_gmt":"2023-07-24T18:31:46","slug":"nuez","status":"publish","type":"page","link":"https:\/\/grupodenali.mx\/?page_id=811","title":{"rendered":"Nuez"},"content":{"rendered":"\t\t<div data-elementor-type=\"wp-page\" data-elementor-id=\"811\" class=\"elementor elementor-811\">\n\t\t\t\t\t\t<section class=\"elementor-section elementor-top-section elementor-element elementor-element-d23a12a elementor-section-stretched elementor-section-boxed elementor-section-height-default elementor-section-height-default\" data-id=\"d23a12a\" data-element_type=\"section\" data-e-type=\"section\" data-settings=\"{&quot;stretch_section&quot;:&quot;section-stretched&quot;,&quot;background_background&quot;:&quot;classic&quot;}\">\n\t\t\t\t\t\t<div class=\"elementor-container elementor-column-gap-wider\">\n\t\t\t\t\t<div class=\"elementor-column elementor-col-100 elementor-top-column elementor-element elementor-element-4239dfd\" data-id=\"4239dfd\" data-element_type=\"column\" data-e-type=\"column\">\n\t\t\t<div class=\"elementor-widget-wrap elementor-element-populated\">\n\t\t\t\t\t\t<div class=\"elementor-element elementor-element-ae24078 elementor-widget elementor-widget-heading\" data-id=\"ae24078\" data-element_type=\"widget\" data-e-type=\"widget\" data-widget_type=\"heading.default\">\n\t\t\t\t<div class=\"elementor-widget-container\">\n\t\t\t\t\t<h1 class=\"elementor-heading-title elementor-size-default\">Nuez<\/h1>\t\t\t\t<\/div>\n\t\t\t\t<\/div>\n\t\t\t\t\t<\/div>\n\t\t<\/div>\n\t\t\t\t\t<\/div>\n\t\t<\/section>\n\t\t\t\t<section class=\"elementor-section elementor-top-section elementor-element elementor-element-1eb26ae elementor-section-boxed elementor-section-height-default elementor-section-height-default\" data-id=\"1eb26ae\" data-element_type=\"section\" data-e-type=\"section\">\n\t\t\t\t\t\t<div class=\"elementor-container elementor-column-gap-default\">\n\t\t\t\t\t<div class=\"elementor-column elementor-col-100 elementor-top-column elementor-element elementor-element-4c23a31\" data-id=\"4c23a31\" data-element_type=\"column\" data-e-type=\"column\">\n\t\t\t<div class=\"elementor-widget-wrap elementor-element-populated\">\n\t\t\t\t\t\t<div class=\"elementor-element elementor-element-e6b7f2b elementor-widget elementor-widget-spacer\" data-id=\"e6b7f2b\" data-element_type=\"widget\" data-e-type=\"widget\" data-widget_type=\"spacer.default\">\n\t\t\t\t<div class=\"elementor-widget-container\">\n\t\t\t\t\t\t\t<div class=\"elementor-spacer\">\n\t\t\t<div class=\"elementor-spacer-inner\"><\/div>\n\t\t<\/div>\n\t\t\t\t\t\t<\/div>\n\t\t\t\t<\/div>\n\t\t\t\t<div class=\"elementor-element elementor-element-d033ed0 elementor-invisible elementor-widget elementor-widget-heading\" data-id=\"d033ed0\" data-element_type=\"widget\" data-e-type=\"widget\" data-settings=\"{&quot;_animation&quot;:&quot;bounceIn&quot;}\" data-widget_type=\"heading.default\">\n\t\t\t\t<div class=\"elementor-widget-container\">\n\t\t\t\t\t<h2 class=\"elementor-heading-title elementor-size-default\">M\u00e1s sobre la Nuez<\/h2>\t\t\t\t<\/div>\n\t\t\t\t<\/div>\n\t\t\t\t<div class=\"elementor-element elementor-element-9607c4f elementor-widget elementor-widget-spacer\" data-id=\"9607c4f\" data-element_type=\"widget\" data-e-type=\"widget\" data-widget_type=\"spacer.default\">\n\t\t\t\t<div class=\"elementor-widget-container\">\n\t\t\t\t\t\t\t<div class=\"elementor-spacer\">\n\t\t\t<div class=\"elementor-spacer-inner\"><\/div>\n\t\t<\/div>\n\t\t\t\t\t\t<\/div>\n\t\t\t\t<\/div>\n\t\t\t\t<div class=\"elementor-element elementor-element-8da43dc elementor-position-left elementor-vertical-align-top elementor-widget elementor-widget-image-box\" data-id=\"8da43dc\" data-element_type=\"widget\" data-e-type=\"widget\" data-widget_type=\"image-box.default\">\n\t\t\t\t<div class=\"elementor-widget-container\">\n\t\t\t\t\t<div class=\"elementor-image-box-wrapper\"><figure class=\"elementor-image-box-img\"><img fetchpriority=\"high\" decoding=\"async\" width=\"2560\" height=\"1709\" src=\"https:\/\/grupodenali.mx\/wp-content\/uploads\/2022\/04\/vecteezy_pile-of-walnuts_6395192_897-scaled.jpg\" class=\"attachment-full size-full wp-image-600\" alt=\"\" srcset=\"https:\/\/grupodenali.mx\/wp-content\/uploads\/2022\/04\/vecteezy_pile-of-walnuts_6395192_897-scaled.jpg 2560w, https:\/\/grupodenali.mx\/wp-content\/uploads\/2022\/04\/vecteezy_pile-of-walnuts_6395192_897-300x200.jpg 300w, https:\/\/grupodenali.mx\/wp-content\/uploads\/2022\/04\/vecteezy_pile-of-walnuts_6395192_897-1024x683.jpg 1024w, https:\/\/grupodenali.mx\/wp-content\/uploads\/2022\/04\/vecteezy_pile-of-walnuts_6395192_897-768x513.jpg 768w, https:\/\/grupodenali.mx\/wp-content\/uploads\/2022\/04\/vecteezy_pile-of-walnuts_6395192_897-1536x1025.jpg 1536w, https:\/\/grupodenali.mx\/wp-content\/uploads\/2022\/04\/vecteezy_pile-of-walnuts_6395192_897-2048x1367.jpg 2048w, https:\/\/grupodenali.mx\/wp-content\/uploads\/2022\/04\/vecteezy_pile-of-walnuts_6395192_897-219x146.jpg 219w, https:\/\/grupodenali.mx\/wp-content\/uploads\/2022\/04\/vecteezy_pile-of-walnuts_6395192_897-50x33.jpg 50w, https:\/\/grupodenali.mx\/wp-content\/uploads\/2022\/04\/vecteezy_pile-of-walnuts_6395192_897-112x75.jpg 112w\" sizes=\"(max-width: 2560px) 100vw, 2560px\" \/><\/figure><div class=\"elementor-image-box-content\"><h2 class=\"elementor-image-box-title\">Nuez<\/h2><p class=\"elementor-image-box-description\">La civilizaci\u00f3n mesopot\u00e1mica empez\u00f3 a cultivar el \u00e1rbol del nogal hace unos 7000 a\u00f1os. Desde entonces, las nueces, consideradas por los romanos como un alimento de dioses, son utilizadas en todo tipo de recetas, postres o licores.<\/p><\/div><\/div>\t\t\t\t<\/div>\n\t\t\t\t<\/div>\n\t\t\t\t<section class=\"elementor-section elementor-inner-section elementor-element elementor-element-d6a9dd2 elementor-section-boxed elementor-section-height-default elementor-section-height-default\" data-id=\"d6a9dd2\" data-element_type=\"section\" data-e-type=\"section\">\n\t\t\t\t\t\t<div class=\"elementor-container elementor-column-gap-default\">\n\t\t\t\t\t<div class=\"elementor-column elementor-col-50 elementor-inner-column elementor-element elementor-element-b82608f\" data-id=\"b82608f\" data-element_type=\"column\" data-e-type=\"column\">\n\t\t\t<div class=\"elementor-widget-wrap elementor-element-populated\">\n\t\t\t\t\t\t<div class=\"elementor-element elementor-element-235275f elementor-widget elementor-widget-text-editor\" data-id=\"235275f\" data-element_type=\"widget\" data-e-type=\"widget\" data-widget_type=\"text-editor.default\">\n\t\t\t\t<div class=\"elementor-widget-container\">\n\t\t\t\t\t\t\t\t\t<h3>Datos econ\u00f3micos<\/h3><p>La nuez de Castilla es un cultivo de gran importancia econ\u00f3mica. En\u00a0<strong>2014<\/strong>, los cinco principales productores de nuez de nogal fueron China, Estados Unidos, Ir\u00e1n, Turqu\u00eda y Ucrania.\u00a0<strong>China\u00a0<\/strong>fue el principal productor entre estos cinco pa\u00edses, produciendo\u00a0<strong>1.6 millones de toneladas<\/strong>\u00a0de nueces de nogal.\u00a0<strong>Estados Unidos<\/strong>, sin embargo, es el mayor exportador de las llamadas nueces de California, dado que la gran mayor\u00eda de nogales se cultiva en ese estado, cuyo clima favorece su crecimiento.<\/p><p>La nuez negra (<em>Juglans nigra<\/em>), no se cultiva para la comercializaci\u00f3n, sino para ser usada en la elaboraci\u00f3n de remedios y suplementos herbales, as\u00ed como en la industria alimentaria, como agente saborizante.<\/p>\t\t\t\t\t\t\t\t<\/div>\n\t\t\t\t<\/div>\n\t\t\t\t\t<\/div>\n\t\t<\/div>\n\t\t\t\t<div class=\"elementor-column elementor-col-50 elementor-inner-column elementor-element elementor-element-4236445\" data-id=\"4236445\" data-element_type=\"column\" data-e-type=\"column\">\n\t\t\t<div class=\"elementor-widget-wrap elementor-element-populated\">\n\t\t\t\t\t\t<div class=\"elementor-element elementor-element-161832d elementor-widget elementor-widget-image\" data-id=\"161832d\" data-element_type=\"widget\" data-e-type=\"widget\" data-widget_type=\"image.default\">\n\t\t\t\t<div class=\"elementor-widget-container\">\n\t\t\t\t\t\t\t\t\t\t\t\t\t\t\t<img decoding=\"async\" width=\"1024\" height=\"1024\" src=\"https:\/\/grupodenali.mx\/wp-content\/uploads\/2022\/04\/mockup-graphics-cnlzkjG9CwY-unsplash-1024x1024.jpg\" class=\"attachment-large size-large wp-image-586\" alt=\"\" srcset=\"https:\/\/grupodenali.mx\/wp-content\/uploads\/2022\/04\/mockup-graphics-cnlzkjG9CwY-unsplash-1024x1024.jpg 1024w, https:\/\/grupodenali.mx\/wp-content\/uploads\/2022\/04\/mockup-graphics-cnlzkjG9CwY-unsplash-300x300.jpg 300w, https:\/\/grupodenali.mx\/wp-content\/uploads\/2022\/04\/mockup-graphics-cnlzkjG9CwY-unsplash-150x150.jpg 150w, https:\/\/grupodenali.mx\/wp-content\/uploads\/2022\/04\/mockup-graphics-cnlzkjG9CwY-unsplash-768x768.jpg 768w, https:\/\/grupodenali.mx\/wp-content\/uploads\/2022\/04\/mockup-graphics-cnlzkjG9CwY-unsplash-1536x1536.jpg 1536w, https:\/\/grupodenali.mx\/wp-content\/uploads\/2022\/04\/mockup-graphics-cnlzkjG9CwY-unsplash-2048x2048.jpg 2048w, https:\/\/grupodenali.mx\/wp-content\/uploads\/2022\/04\/mockup-graphics-cnlzkjG9CwY-unsplash-146x146.jpg 146w, https:\/\/grupodenali.mx\/wp-content\/uploads\/2022\/04\/mockup-graphics-cnlzkjG9CwY-unsplash-50x50.jpg 50w, https:\/\/grupodenali.mx\/wp-content\/uploads\/2022\/04\/mockup-graphics-cnlzkjG9CwY-unsplash-75x75.jpg 75w, https:\/\/grupodenali.mx\/wp-content\/uploads\/2022\/04\/mockup-graphics-cnlzkjG9CwY-unsplash-85x85.jpg 85w, https:\/\/grupodenali.mx\/wp-content\/uploads\/2022\/04\/mockup-graphics-cnlzkjG9CwY-unsplash-80x80.jpg 80w\" sizes=\"(max-width: 1024px) 100vw, 1024px\" \/>\t\t\t\t\t\t\t\t\t\t\t\t\t\t\t<\/div>\n\t\t\t\t<\/div>\n\t\t\t\t\t<\/div>\n\t\t<\/div>\n\t\t\t\t\t<\/div>\n\t\t<\/section>\n\t\t\t\t\t<\/div>\n\t\t<\/div>\n\t\t\t\t\t<\/div>\n\t\t<\/section>\n\t\t\t\t<section class=\"elementor-section elementor-top-section elementor-element elementor-element-374a04a elementor-section-boxed elementor-section-height-default elementor-section-height-default\" data-id=\"374a04a\" data-element_type=\"section\" data-e-type=\"section\">\n\t\t\t\t\t\t<div class=\"elementor-container elementor-column-gap-default\">\n\t\t\t\t\t<div class=\"elementor-column elementor-col-100 elementor-top-column elementor-element elementor-element-b1a4a4f\" data-id=\"b1a4a4f\" data-element_type=\"column\" data-e-type=\"column\">\n\t\t\t<div class=\"elementor-widget-wrap elementor-element-populated\">\n\t\t\t\t\t\t<div class=\"elementor-element elementor-element-c670248 elementor-widget-divider--view-line elementor-widget elementor-widget-divider\" data-id=\"c670248\" data-element_type=\"widget\" data-e-type=\"widget\" data-widget_type=\"divider.default\">\n\t\t\t\t<div class=\"elementor-widget-container\">\n\t\t\t\t\t\t\t<div class=\"elementor-divider\">\n\t\t\t<span class=\"elementor-divider-separator\">\n\t\t\t\t\t\t<\/span>\n\t\t<\/div>\n\t\t\t\t\t\t<\/div>\n\t\t\t\t<\/div>\n\t\t\t\t<section class=\"elementor-section elementor-inner-section elementor-element elementor-element-17fa62c elementor-section-content-bottom elementor-section-boxed elementor-section-height-default elementor-section-height-default\" data-id=\"17fa62c\" data-element_type=\"section\" data-e-type=\"section\" data-settings=\"{&quot;background_background&quot;:&quot;classic&quot;}\">\n\t\t\t\t\t\t<div class=\"elementor-container elementor-column-gap-default\">\n\t\t\t\t\t<div class=\"elementor-column elementor-col-33 elementor-inner-column elementor-element elementor-element-ffeb5c5\" data-id=\"ffeb5c5\" data-element_type=\"column\" data-e-type=\"column\">\n\t\t\t<div class=\"elementor-widget-wrap elementor-element-populated\">\n\t\t\t\t\t\t<div class=\"elementor-element elementor-element-dd62606 elementor-widget elementor-widget-image\" data-id=\"dd62606\" data-element_type=\"widget\" data-e-type=\"widget\" data-widget_type=\"image.default\">\n\t\t\t\t<div class=\"elementor-widget-container\">\n\t\t\t\t\t\t\t\t\t\t\t\t\t\t\t<img decoding=\"async\" width=\"1024\" height=\"312\" src=\"https:\/\/grupodenali.mx\/wp-content\/uploads\/2022\/04\/Logo-Grupo-Denali-final-01-1024x312.png\" class=\"attachment-large size-large wp-image-541\" alt=\"\" srcset=\"https:\/\/grupodenali.mx\/wp-content\/uploads\/2022\/04\/Logo-Grupo-Denali-final-01-1024x312.png 1024w, https:\/\/grupodenali.mx\/wp-content\/uploads\/2022\/04\/Logo-Grupo-Denali-final-01-300x91.png 300w, https:\/\/grupodenali.mx\/wp-content\/uploads\/2022\/04\/Logo-Grupo-Denali-final-01-768x234.png 768w, https:\/\/grupodenali.mx\/wp-content\/uploads\/2022\/04\/Logo-Grupo-Denali-final-01-1536x468.png 1536w, https:\/\/grupodenali.mx\/wp-content\/uploads\/2022\/04\/Logo-Grupo-Denali-final-01-2048x624.png 2048w, https:\/\/grupodenali.mx\/wp-content\/uploads\/2022\/04\/Logo-Grupo-Denali-final-01-260x79.png 260w, https:\/\/grupodenali.mx\/wp-content\/uploads\/2022\/04\/Logo-Grupo-Denali-final-01-50x15.png 50w, https:\/\/grupodenali.mx\/wp-content\/uploads\/2022\/04\/Logo-Grupo-Denali-final-01-150x46.png 150w\" sizes=\"(max-width: 1024px) 100vw, 1024px\" \/>\t\t\t\t\t\t\t\t\t\t\t\t\t\t\t<\/div>\n\t\t\t\t<\/div>\n\t\t\t\t\t<\/div>\n\t\t<\/div>\n\t\t\t\t<div class=\"elementor-column elementor-col-33 elementor-inner-column elementor-element elementor-element-35b5a82\" data-id=\"35b5a82\" data-element_type=\"column\" data-e-type=\"column\">\n\t\t\t<div class=\"elementor-widget-wrap elementor-element-populated\">\n\t\t\t\t\t\t<div class=\"elementor-element elementor-element-ebf82e0 elementor-widget elementor-widget-text-editor\" data-id=\"ebf82e0\" data-element_type=\"widget\" data-e-type=\"widget\" data-widget_type=\"text-editor.default\">\n\t\t\t\t<div class=\"elementor-widget-container\">\n\t\t\t\t\t\t\t\t\t<p><span style=\"color: #999999;\">Guadalajara<\/span><br><span style=\"color: #999999;\">Jalisco, M\u00e9xico<\/span><\/p>\t\t\t\t\t\t\t\t<\/div>\n\t\t\t\t<\/div>\n\t\t\t\t\t<\/div>\n\t\t<\/div>\n\t\t\t\t<div class=\"elementor-column elementor-col-33 elementor-inner-column elementor-element elementor-element-8659f6b\" data-id=\"8659f6b\" data-element_type=\"column\" data-e-type=\"column\">\n\t\t\t<div class=\"elementor-widget-wrap elementor-element-populated\">\n\t\t\t\t\t\t<div class=\"elementor-element elementor-element-17db0cf elementor-widget elementor-widget-text-editor\" data-id=\"17db0cf\" data-element_type=\"widget\" data-e-type=\"widget\" data-widget_type=\"text-editor.default\">\n\t\t\t\t<div class=\"elementor-widget-container\">\n\t\t\t\t\t\t\t\t\t<p>Tel: + (52) 33 3334 1104<\/p>\t\t\t\t\t\t\t\t<\/div>\n\t\t\t\t<\/div>\n\t\t\t\t<div class=\"elementor-element elementor-element-8b484e3 elementor-widget elementor-widget-text-editor\" data-id=\"8b484e3\" data-element_type=\"widget\" data-e-type=\"widget\" data-widget_type=\"text-editor.default\">\n\t\t\t\t<div class=\"elementor-widget-container\">\n\t\t\t\t\t\t\t\t\t<p><span style=\"color: #999999;\">Email <a style=\"color: #999999;\" href=\"mailto:info@grupodenali.mx\"><u>ventas@grupodenali.mx<\/u><\/a><\/span><\/p>\t\t\t\t\t\t\t\t<\/div>\n\t\t\t\t<\/div>\n\t\t\t\t\t<\/div>\n\t\t<\/div>\n\t\t\t\t\t<\/div>\n\t\t<\/section>\n\t\t\t\t\t<\/div>\n\t\t<\/div>\n\t\t\t\t\t<\/div>\n\t\t<\/section>\n\t\t\t\t<\/div>\n\t\t","protected":false},"excerpt":{"rendered":"<p>Nuez M\u00e1s sobre la Nuez Nuez La civilizaci\u00f3n mesopot\u00e1mica empez\u00f3 a cultivar el \u00e1rbol del nogal hace unos 7000 a\u00f1os. Desde entonces, las nueces, consideradas por<span class=\"excerpt-hellip\"> [\u2026]<\/span><\/p>\n","protected":false},"author":1,"featured_media":0,"parent":0,"menu_order":0,"comment_status":"closed","ping_status":"closed","template":"","meta":{"footnotes":""},"class_list":["post-811","page","type-page","status-publish","hentry"],"yoast_head":"<!-- This site is optimized with the Yoast SEO plugin v27.3 - https:\/\/yoast.com\/product\/yoast-seo-wordpress\/ -->\n<title>Nuez - Grupo Denali<\/title>\n<meta name=\"robots\" content=\"index, follow, max-snippet:-1, max-image-preview:large, max-video-preview:-1\" \/>\n<link rel=\"canonical\" href=\"https:\/\/grupodenali.mx\/?page_id=811\" \/>\n<meta property=\"og:locale\" content=\"es_ES\" \/>\n<meta property=\"og:type\" content=\"article\" \/>\n<meta property=\"og:title\" content=\"Nuez - Grupo Denali\" \/>\n<meta property=\"og:description\" content=\"Nuez M\u00e1s sobre la Nuez Nuez La civilizaci\u00f3n mesopot\u00e1mica empez\u00f3 a cultivar el \u00e1rbol del nogal hace unos 7000 a\u00f1os. Desde entonces, las nueces, consideradas por [\u2026]\" \/>\n<meta property=\"og:url\" content=\"https:\/\/grupodenali.mx\/?page_id=811\" \/>\n<meta property=\"og:site_name\" content=\"Grupo Denali\" \/>\n<meta property=\"article:modified_time\" content=\"2023-07-24T18:31:46+00:00\" \/>\n<meta property=\"og:image\" content=\"https:\/\/grupodenali.mx\/wp-content\/uploads\/2022\/04\/vecteezy_pile-of-walnuts_6395192_897-scaled.jpg\" \/>\n<meta name=\"twitter:card\" content=\"summary_large_image\" \/>\n<meta name=\"twitter:label1\" content=\"Tiempo de lectura\" \/>\n\t<meta name=\"twitter:data1\" content=\"2 minutos\" \/>\n<script type=\"application\/ld+json\" class=\"yoast-schema-graph\">{\"@context\":\"https:\\\/\\\/schema.org\",\"@graph\":[{\"@type\":\"WebPage\",\"@id\":\"https:\\\/\\\/grupodenali.mx\\\/?page_id=811\",\"url\":\"https:\\\/\\\/grupodenali.mx\\\/?page_id=811\",\"name\":\"Nuez - Grupo Denali\",\"isPartOf\":{\"@id\":\"https:\\\/\\\/grupodenali.mx\\\/#website\"},\"primaryImageOfPage\":{\"@id\":\"https:\\\/\\\/grupodenali.mx\\\/?page_id=811#primaryimage\"},\"image\":{\"@id\":\"https:\\\/\\\/grupodenali.mx\\\/?page_id=811#primaryimage\"},\"thumbnailUrl\":\"https:\\\/\\\/grupodenali.mx\\\/wp-content\\\/uploads\\\/2022\\\/04\\\/vecteezy_pile-of-walnuts_6395192_897-scaled.jpg\",\"datePublished\":\"2022-04-27T00:28:20+00:00\",\"dateModified\":\"2023-07-24T18:31:46+00:00\",\"breadcrumb\":{\"@id\":\"https:\\\/\\\/grupodenali.mx\\\/?page_id=811#breadcrumb\"},\"inLanguage\":\"es\",\"potentialAction\":[{\"@type\":\"ReadAction\",\"target\":[\"https:\\\/\\\/grupodenali.mx\\\/?page_id=811\"]}]},{\"@type\":\"ImageObject\",\"inLanguage\":\"es\",\"@id\":\"https:\\\/\\\/grupodenali.mx\\\/?page_id=811#primaryimage\",\"url\":\"https:\\\/\\\/grupodenali.mx\\\/wp-content\\\/uploads\\\/2022\\\/04\\\/vecteezy_pile-of-walnuts_6395192_897-scaled.jpg\",\"contentUrl\":\"https:\\\/\\\/grupodenali.mx\\\/wp-content\\\/uploads\\\/2022\\\/04\\\/vecteezy_pile-of-walnuts_6395192_897-scaled.jpg\",\"width\":2560,\"height\":1709,\"caption\":\"Nuez\"},{\"@type\":\"BreadcrumbList\",\"@id\":\"https:\\\/\\\/grupodenali.mx\\\/?page_id=811#breadcrumb\",\"itemListElement\":[{\"@type\":\"ListItem\",\"position\":1,\"name\":\"Portada\",\"item\":\"https:\\\/\\\/grupodenali.mx\\\/\"},{\"@type\":\"ListItem\",\"position\":2,\"name\":\"Nuez\"}]},{\"@type\":\"WebSite\",\"@id\":\"https:\\\/\\\/grupodenali.mx\\\/#website\",\"url\":\"https:\\\/\\\/grupodenali.mx\\\/\",\"name\":\"Grupo Denali\",\"description\":\"Grupo Denali\",\"publisher\":{\"@id\":\"https:\\\/\\\/grupodenali.mx\\\/#organization\"},\"potentialAction\":[{\"@type\":\"SearchAction\",\"target\":{\"@type\":\"EntryPoint\",\"urlTemplate\":\"https:\\\/\\\/grupodenali.mx\\\/?s={search_term_string}\"},\"query-input\":{\"@type\":\"PropertyValueSpecification\",\"valueRequired\":true,\"valueName\":\"search_term_string\"}}],\"inLanguage\":\"es\"},{\"@type\":\"Organization\",\"@id\":\"https:\\\/\\\/grupodenali.mx\\\/#organization\",\"name\":\"Grupo Denali\",\"url\":\"https:\\\/\\\/grupodenali.mx\\\/\",\"logo\":{\"@type\":\"ImageObject\",\"inLanguage\":\"es\",\"@id\":\"https:\\\/\\\/grupodenali.mx\\\/#\\\/schema\\\/logo\\\/image\\\/\",\"url\":\"https:\\\/\\\/grupodenali.mx\\\/wp-content\\\/uploads\\\/2022\\\/04\\\/cropped-Logo-Grupo-Denali-final-01.png\",\"contentUrl\":\"https:\\\/\\\/grupodenali.mx\\\/wp-content\\\/uploads\\\/2022\\\/04\\\/cropped-Logo-Grupo-Denali-final-01.png\",\"width\":4038,\"height\":975,\"caption\":\"Grupo Denali\"},\"image\":{\"@id\":\"https:\\\/\\\/grupodenali.mx\\\/#\\\/schema\\\/logo\\\/image\\\/\"}}]}<\/script>\n<!-- \/ Yoast SEO plugin. -->","yoast_head_json":{"title":"Nuez - Grupo Denali","robots":{"index":"index","follow":"follow","max-snippet":"max-snippet:-1","max-image-preview":"max-image-preview:large","max-video-preview":"max-video-preview:-1"},"canonical":"https:\/\/grupodenali.mx\/?page_id=811","og_locale":"es_ES","og_type":"article","og_title":"Nuez - Grupo Denali","og_description":"Nuez M\u00e1s sobre la Nuez Nuez La civilizaci\u00f3n mesopot\u00e1mica empez\u00f3 a cultivar el \u00e1rbol del nogal hace unos 7000 a\u00f1os. Desde entonces, las nueces, consideradas por [\u2026]","og_url":"https:\/\/grupodenali.mx\/?page_id=811","og_site_name":"Grupo Denali","article_modified_time":"2023-07-24T18:31:46+00:00","og_image":[{"url":"https:\/\/grupodenali.mx\/wp-content\/uploads\/2022\/04\/vecteezy_pile-of-walnuts_6395192_897-scaled.jpg","type":"","width":"","height":""}],"twitter_card":"summary_large_image","twitter_misc":{"Tiempo de lectura":"2 minutos"},"schema":{"@context":"https:\/\/schema.org","@graph":[{"@type":"WebPage","@id":"https:\/\/grupodenali.mx\/?page_id=811","url":"https:\/\/grupodenali.mx\/?page_id=811","name":"Nuez - Grupo Denali","isPartOf":{"@id":"https:\/\/grupodenali.mx\/#website"},"primaryImageOfPage":{"@id":"https:\/\/grupodenali.mx\/?page_id=811#primaryimage"},"image":{"@id":"https:\/\/grupodenali.mx\/?page_id=811#primaryimage"},"thumbnailUrl":"https:\/\/grupodenali.mx\/wp-content\/uploads\/2022\/04\/vecteezy_pile-of-walnuts_6395192_897-scaled.jpg","datePublished":"2022-04-27T00:28:20+00:00","dateModified":"2023-07-24T18:31:46+00:00","breadcrumb":{"@id":"https:\/\/grupodenali.mx\/?page_id=811#breadcrumb"},"inLanguage":"es","potentialAction":[{"@type":"ReadAction","target":["https:\/\/grupodenali.mx\/?page_id=811"]}]},{"@type":"ImageObject","inLanguage":"es","@id":"https:\/\/grupodenali.mx\/?page_id=811#primaryimage","url":"https:\/\/grupodenali.mx\/wp-content\/uploads\/2022\/04\/vecteezy_pile-of-walnuts_6395192_897-scaled.jpg","contentUrl":"https:\/\/grupodenali.mx\/wp-content\/uploads\/2022\/04\/vecteezy_pile-of-walnuts_6395192_897-scaled.jpg","width":2560,"height":1709,"caption":"Nuez"},{"@type":"BreadcrumbList","@id":"https:\/\/grupodenali.mx\/?page_id=811#breadcrumb","itemListElement":[{"@type":"ListItem","position":1,"name":"Portada","item":"https:\/\/grupodenali.mx\/"},{"@type":"ListItem","position":2,"name":"Nuez"}]},{"@type":"WebSite","@id":"https:\/\/grupodenali.mx\/#website","url":"https:\/\/grupodenali.mx\/","name":"Grupo Denali","description":"Grupo Denali","publisher":{"@id":"https:\/\/grupodenali.mx\/#organization"},"potentialAction":[{"@type":"SearchAction","target":{"@type":"EntryPoint","urlTemplate":"https:\/\/grupodenali.mx\/?s={search_term_string}"},"query-input":{"@type":"PropertyValueSpecification","valueRequired":true,"valueName":"search_term_string"}}],"inLanguage":"es"},{"@type":"Organization","@id":"https:\/\/grupodenali.mx\/#organization","name":"Grupo Denali","url":"https:\/\/grupodenali.mx\/","logo":{"@type":"ImageObject","inLanguage":"es","@id":"https:\/\/grupodenali.mx\/#\/schema\/logo\/image\/","url":"https:\/\/grupodenali.mx\/wp-content\/uploads\/2022\/04\/cropped-Logo-Grupo-Denali-final-01.png","contentUrl":"https:\/\/grupodenali.mx\/wp-content\/uploads\/2022\/04\/cropped-Logo-Grupo-Denali-final-01.png","width":4038,"height":975,"caption":"Grupo Denali"},"image":{"@id":"https:\/\/grupodenali.mx\/#\/schema\/logo\/image\/"}}]}},"_links":{"self":[{"href":"https:\/\/grupodenali.mx\/index.php?rest_route=\/wp\/v2\/pages\/811","targetHints":{"allow":["GET"]}}],"collection":[{"href":"https:\/\/grupodenali.mx\/index.php?rest_route=\/wp\/v2\/pages"}],"about":[{"href":"https:\/\/grupodenali.mx\/index.php?rest_route=\/wp\/v2\/types\/page"}],"author":[{"embeddable":true,"href":"https:\/\/grupodenali.mx\/index.php?rest_route=\/wp\/v2\/users\/1"}],"replies":[{"embeddable":true,"href":"https:\/\/grupodenali.mx\/index.php?rest_route=%2Fwp%2Fv2%2Fcomments&post=811"}],"version-history":[{"count":31,"href":"https:\/\/grupodenali.mx\/index.php?rest_route=\/wp\/v2\/pages\/811\/revisions"}],"predecessor-version":[{"id":1316,"href":"https:\/\/grupodenali.mx\/index.php?rest_route=\/wp\/v2\/pages\/811\/revisions\/1316"}],"wp:attachment":[{"href":"https:\/\/grupodenali.mx\/index.php?rest_route=%2Fwp%2Fv2%2Fmedia&parent=811"}],"curies":[{"name":"wp","href":"https:\/\/api.w.org\/{rel}","templated":true}]}}