{"id":809,"date":"2022-04-27T00:27:49","date_gmt":"2022-04-27T00:27:49","guid":{"rendered":"https:\/\/grupodenali.mx\/?page_id=809"},"modified":"2023-07-24T18:30:42","modified_gmt":"2023-07-24T18:30:42","slug":"avena","status":"publish","type":"page","link":"https:\/\/grupodenali.mx\/?page_id=809","title":{"rendered":"Avena"},"content":{"rendered":"\t\t<div data-elementor-type=\"wp-page\" data-elementor-id=\"809\" class=\"elementor elementor-809\">\n\t\t\t\t\t\t<section class=\"elementor-section elementor-top-section elementor-element elementor-element-d23a12a elementor-section-stretched elementor-section-boxed elementor-section-height-default elementor-section-height-default\" data-id=\"d23a12a\" data-element_type=\"section\" data-e-type=\"section\" data-settings=\"{&quot;stretch_section&quot;:&quot;section-stretched&quot;,&quot;background_background&quot;:&quot;classic&quot;}\">\n\t\t\t\t\t\t<div class=\"elementor-container elementor-column-gap-wider\">\n\t\t\t\t\t<div class=\"elementor-column elementor-col-100 elementor-top-column elementor-element elementor-element-4239dfd\" data-id=\"4239dfd\" data-element_type=\"column\" data-e-type=\"column\">\n\t\t\t<div class=\"elementor-widget-wrap elementor-element-populated\">\n\t\t\t\t\t\t<div class=\"elementor-element elementor-element-ae24078 elementor-widget elementor-widget-heading\" data-id=\"ae24078\" data-element_type=\"widget\" data-e-type=\"widget\" data-widget_type=\"heading.default\">\n\t\t\t\t<div class=\"elementor-widget-container\">\n\t\t\t\t\t<h1 class=\"elementor-heading-title elementor-size-default\">Avena<\/h1>\t\t\t\t<\/div>\n\t\t\t\t<\/div>\n\t\t\t\t\t<\/div>\n\t\t<\/div>\n\t\t\t\t\t<\/div>\n\t\t<\/section>\n\t\t\t\t<section class=\"elementor-section elementor-top-section elementor-element elementor-element-1eb26ae elementor-section-boxed elementor-section-height-default elementor-section-height-default\" data-id=\"1eb26ae\" data-element_type=\"section\" data-e-type=\"section\">\n\t\t\t\t\t\t<div class=\"elementor-container elementor-column-gap-default\">\n\t\t\t\t\t<div class=\"elementor-column elementor-col-100 elementor-top-column elementor-element elementor-element-4c23a31\" data-id=\"4c23a31\" data-element_type=\"column\" data-e-type=\"column\">\n\t\t\t<div class=\"elementor-widget-wrap elementor-element-populated\">\n\t\t\t\t\t\t<div class=\"elementor-element elementor-element-e6b7f2b elementor-widget elementor-widget-spacer\" data-id=\"e6b7f2b\" data-element_type=\"widget\" data-e-type=\"widget\" data-widget_type=\"spacer.default\">\n\t\t\t\t<div class=\"elementor-widget-container\">\n\t\t\t\t\t\t\t<div class=\"elementor-spacer\">\n\t\t\t<div class=\"elementor-spacer-inner\"><\/div>\n\t\t<\/div>\n\t\t\t\t\t\t<\/div>\n\t\t\t\t<\/div>\n\t\t\t\t<div class=\"elementor-element elementor-element-d033ed0 elementor-invisible elementor-widget elementor-widget-heading\" data-id=\"d033ed0\" data-element_type=\"widget\" data-e-type=\"widget\" data-settings=\"{&quot;_animation&quot;:&quot;bounceIn&quot;}\" data-widget_type=\"heading.default\">\n\t\t\t\t<div class=\"elementor-widget-container\">\n\t\t\t\t\t<h2 class=\"elementor-heading-title elementor-size-default\">M\u00e1s sobre la Avena<\/h2>\t\t\t\t<\/div>\n\t\t\t\t<\/div>\n\t\t\t\t<div class=\"elementor-element elementor-element-9607c4f elementor-widget elementor-widget-spacer\" data-id=\"9607c4f\" data-element_type=\"widget\" data-e-type=\"widget\" data-widget_type=\"spacer.default\">\n\t\t\t\t<div class=\"elementor-widget-container\">\n\t\t\t\t\t\t\t<div class=\"elementor-spacer\">\n\t\t\t<div class=\"elementor-spacer-inner\"><\/div>\n\t\t<\/div>\n\t\t\t\t\t\t<\/div>\n\t\t\t\t<\/div>\n\t\t\t\t<div class=\"elementor-element elementor-element-a7489f7 elementor-position-left elementor-vertical-align-top elementor-widget elementor-widget-image-box\" data-id=\"a7489f7\" data-element_type=\"widget\" data-e-type=\"widget\" data-widget_type=\"image-box.default\">\n\t\t\t\t<div class=\"elementor-widget-container\">\n\t\t\t\t\t<div class=\"elementor-image-box-wrapper\"><figure class=\"elementor-image-box-img\"><img fetchpriority=\"high\" decoding=\"async\" width=\"2560\" height=\"1437\" src=\"https:\/\/grupodenali.mx\/wp-content\/uploads\/2022\/04\/vecteezy_dried-oats-on-white-background_1310147-scaled.jpg\" class=\"attachment-full size-full wp-image-181\" alt=\"\" srcset=\"https:\/\/grupodenali.mx\/wp-content\/uploads\/2022\/04\/vecteezy_dried-oats-on-white-background_1310147-scaled.jpg 2560w, https:\/\/grupodenali.mx\/wp-content\/uploads\/2022\/04\/vecteezy_dried-oats-on-white-background_1310147-300x168.jpg 300w, https:\/\/grupodenali.mx\/wp-content\/uploads\/2022\/04\/vecteezy_dried-oats-on-white-background_1310147-1024x575.jpg 1024w, https:\/\/grupodenali.mx\/wp-content\/uploads\/2022\/04\/vecteezy_dried-oats-on-white-background_1310147-768x431.jpg 768w, https:\/\/grupodenali.mx\/wp-content\/uploads\/2022\/04\/vecteezy_dried-oats-on-white-background_1310147-1536x862.jpg 1536w, https:\/\/grupodenali.mx\/wp-content\/uploads\/2022\/04\/vecteezy_dried-oats-on-white-background_1310147-2048x1150.jpg 2048w, https:\/\/grupodenali.mx\/wp-content\/uploads\/2022\/04\/vecteezy_dried-oats-on-white-background_1310147-260x146.jpg 260w, https:\/\/grupodenali.mx\/wp-content\/uploads\/2022\/04\/vecteezy_dried-oats-on-white-background_1310147-50x28.jpg 50w, https:\/\/grupodenali.mx\/wp-content\/uploads\/2022\/04\/vecteezy_dried-oats-on-white-background_1310147-134x75.jpg 134w, https:\/\/grupodenali.mx\/wp-content\/uploads\/2022\/04\/vecteezy_dried-oats-on-white-background_1310147-1200x675.jpg 1200w\" sizes=\"(max-width: 2560px) 100vw, 2560px\" \/><\/figure><div class=\"elementor-image-box-content\"><h3 class=\"elementor-image-box-title\">Avena<\/h3><p class=\"elementor-image-box-description\">La avena tradicional\n\nEs el grano que ha sido cocido al vapor y prensado (enrollado) para que pueda cocinarse m\u00e1s r\u00e1pido. La avena instant\u00e1nea est\u00e1 hecha de avena enrollada que ha sido enrollada una segunda vez y cortada en trozos peque\u00f1os. La avena instant\u00e1nea es la que se cocina m\u00e1s r\u00e1pido.\n<\/p><\/div><\/div>\t\t\t\t<\/div>\n\t\t\t\t<\/div>\n\t\t\t\t<div class=\"elementor-element elementor-element-2154a69 elementor-widget elementor-widget-text-editor\" data-id=\"2154a69\" data-element_type=\"widget\" data-e-type=\"widget\" data-widget_type=\"text-editor.default\">\n\t\t\t\t<div class=\"elementor-widget-container\">\n\t\t\t\t\t\t\t\t\t<h5>Los mayores exportadores de hojuelas en el mundo en el a\u00f1o 2017 fueron Canad\u00e1 (19,8%), Alemania (17,8%), Reino Unido (12,5%) y Chile (11,9%) y en quinto lugar Australia, con 10,8% de participaci\u00f3n en el mercado.<\/h5><h5>\u00a0<\/h5>\t\t\t\t\t\t\t\t<\/div>\n\t\t\t\t<\/div>\n\t\t\t\t<section class=\"elementor-section elementor-inner-section elementor-element elementor-element-e921777 elementor-section-boxed elementor-section-height-default elementor-section-height-default\" data-id=\"e921777\" data-element_type=\"section\" data-e-type=\"section\">\n\t\t\t\t\t\t<div class=\"elementor-container elementor-column-gap-default\">\n\t\t\t\t\t<div class=\"elementor-column elementor-col-50 elementor-inner-column elementor-element elementor-element-0155640\" data-id=\"0155640\" data-element_type=\"column\" data-e-type=\"column\">\n\t\t\t<div class=\"elementor-widget-wrap elementor-element-populated\">\n\t\t\t\t\t\t<div class=\"elementor-element elementor-element-eeccb7f elementor-widget elementor-widget-text-editor\" data-id=\"eeccb7f\" data-element_type=\"widget\" data-e-type=\"widget\" data-widget_type=\"text-editor.default\">\n\t\t\t\t<div class=\"elementor-widget-container\">\n\t\t\t\t\t\t\t\t\t<h5><strong>\u00bfC\u00f3mo se procesan los copos de avena?<\/strong><br \/>Los copos de avena que compramos son obtenidos mediante el siguiente proceso:<\/h5><p>&#8211; Descascarillado<br \/>&#8211; Calentamiento por vapor<br \/>&#8211; Prensado a trav\u00e9s de un molino de copos<br \/>&#8211; Envasado.<\/p>\t\t\t\t\t\t\t\t<\/div>\n\t\t\t\t<\/div>\n\t\t\t\t\t<\/div>\n\t\t<\/div>\n\t\t\t\t<div class=\"elementor-column elementor-col-50 elementor-inner-column elementor-element elementor-element-de0d8c6\" data-id=\"de0d8c6\" data-element_type=\"column\" data-e-type=\"column\">\n\t\t\t<div class=\"elementor-widget-wrap elementor-element-populated\">\n\t\t\t\t\t\t<div class=\"elementor-element elementor-element-61b4700 elementor-widget elementor-widget-image\" data-id=\"61b4700\" data-element_type=\"widget\" data-e-type=\"widget\" data-widget_type=\"image.default\">\n\t\t\t\t<div class=\"elementor-widget-container\">\n\t\t\t\t\t\t\t\t\t\t\t\t\t\t\t<img decoding=\"async\" width=\"683\" height=\"1024\" src=\"https:\/\/grupodenali.mx\/wp-content\/uploads\/2022\/04\/melissa-di-rocco-NfZ4133w9Kk-unsplash-683x1024.jpg\" class=\"attachment-large size-large wp-image-356\" alt=\"\" srcset=\"https:\/\/grupodenali.mx\/wp-content\/uploads\/2022\/04\/melissa-di-rocco-NfZ4133w9Kk-unsplash-683x1024.jpg 683w, https:\/\/grupodenali.mx\/wp-content\/uploads\/2022\/04\/melissa-di-rocco-NfZ4133w9Kk-unsplash-200x300.jpg 200w, https:\/\/grupodenali.mx\/wp-content\/uploads\/2022\/04\/melissa-di-rocco-NfZ4133w9Kk-unsplash-768x1152.jpg 768w, https:\/\/grupodenali.mx\/wp-content\/uploads\/2022\/04\/melissa-di-rocco-NfZ4133w9Kk-unsplash-1024x1536.jpg 1024w, https:\/\/grupodenali.mx\/wp-content\/uploads\/2022\/04\/melissa-di-rocco-NfZ4133w9Kk-unsplash-1365x2048.jpg 1365w, https:\/\/grupodenali.mx\/wp-content\/uploads\/2022\/04\/melissa-di-rocco-NfZ4133w9Kk-unsplash-97x146.jpg 97w, https:\/\/grupodenali.mx\/wp-content\/uploads\/2022\/04\/melissa-di-rocco-NfZ4133w9Kk-unsplash-33x50.jpg 33w, https:\/\/grupodenali.mx\/wp-content\/uploads\/2022\/04\/melissa-di-rocco-NfZ4133w9Kk-unsplash-50x75.jpg 50w, https:\/\/grupodenali.mx\/wp-content\/uploads\/2022\/04\/melissa-di-rocco-NfZ4133w9Kk-unsplash-scaled.jpg 1707w\" sizes=\"(max-width: 683px) 100vw, 683px\" \/>\t\t\t\t\t\t\t\t\t\t\t\t\t\t\t<\/div>\n\t\t\t\t<\/div>\n\t\t\t\t\t<\/div>\n\t\t<\/div>\n\t\t\t\t\t<\/div>\n\t\t<\/section>\n\t\t\t\t\t<\/div>\n\t\t<\/div>\n\t\t\t\t\t<\/div>\n\t\t<\/section>\n\t\t\t\t<section class=\"elementor-section elementor-top-section elementor-element elementor-element-c22934b elementor-section-boxed elementor-section-height-default elementor-section-height-default\" data-id=\"c22934b\" data-element_type=\"section\" data-e-type=\"section\">\n\t\t\t\t\t\t<div class=\"elementor-container elementor-column-gap-default\">\n\t\t\t\t\t<div class=\"elementor-column elementor-col-100 elementor-top-column elementor-element elementor-element-d0d0122\" data-id=\"d0d0122\" data-element_type=\"column\" data-e-type=\"column\">\n\t\t\t<div class=\"elementor-widget-wrap elementor-element-populated\">\n\t\t\t\t\t\t<div class=\"elementor-element elementor-element-aa09034 elementor-widget-divider--view-line elementor-widget elementor-widget-divider\" data-id=\"aa09034\" data-element_type=\"widget\" data-e-type=\"widget\" data-widget_type=\"divider.default\">\n\t\t\t\t<div class=\"elementor-widget-container\">\n\t\t\t\t\t\t\t<div class=\"elementor-divider\">\n\t\t\t<span class=\"elementor-divider-separator\">\n\t\t\t\t\t\t<\/span>\n\t\t<\/div>\n\t\t\t\t\t\t<\/div>\n\t\t\t\t<\/div>\n\t\t\t\t<section class=\"elementor-section elementor-inner-section elementor-element elementor-element-c7ae1fa elementor-section-content-bottom elementor-section-boxed elementor-section-height-default elementor-section-height-default\" data-id=\"c7ae1fa\" data-element_type=\"section\" data-e-type=\"section\" data-settings=\"{&quot;background_background&quot;:&quot;classic&quot;}\">\n\t\t\t\t\t\t<div class=\"elementor-container elementor-column-gap-default\">\n\t\t\t\t\t<div class=\"elementor-column elementor-col-33 elementor-inner-column elementor-element elementor-element-5fc93ab\" data-id=\"5fc93ab\" data-element_type=\"column\" data-e-type=\"column\">\n\t\t\t<div class=\"elementor-widget-wrap elementor-element-populated\">\n\t\t\t\t\t\t<div class=\"elementor-element elementor-element-766363d elementor-widget elementor-widget-image\" data-id=\"766363d\" data-element_type=\"widget\" data-e-type=\"widget\" data-widget_type=\"image.default\">\n\t\t\t\t<div class=\"elementor-widget-container\">\n\t\t\t\t\t\t\t\t\t\t\t\t\t\t\t<img decoding=\"async\" width=\"1024\" height=\"312\" src=\"https:\/\/grupodenali.mx\/wp-content\/uploads\/2022\/04\/Logo-Grupo-Denali-final-01-1024x312.png\" class=\"attachment-large size-large wp-image-541\" alt=\"\" srcset=\"https:\/\/grupodenali.mx\/wp-content\/uploads\/2022\/04\/Logo-Grupo-Denali-final-01-1024x312.png 1024w, https:\/\/grupodenali.mx\/wp-content\/uploads\/2022\/04\/Logo-Grupo-Denali-final-01-300x91.png 300w, https:\/\/grupodenali.mx\/wp-content\/uploads\/2022\/04\/Logo-Grupo-Denali-final-01-768x234.png 768w, https:\/\/grupodenali.mx\/wp-content\/uploads\/2022\/04\/Logo-Grupo-Denali-final-01-1536x468.png 1536w, https:\/\/grupodenali.mx\/wp-content\/uploads\/2022\/04\/Logo-Grupo-Denali-final-01-2048x624.png 2048w, https:\/\/grupodenali.mx\/wp-content\/uploads\/2022\/04\/Logo-Grupo-Denali-final-01-260x79.png 260w, https:\/\/grupodenali.mx\/wp-content\/uploads\/2022\/04\/Logo-Grupo-Denali-final-01-50x15.png 50w, https:\/\/grupodenali.mx\/wp-content\/uploads\/2022\/04\/Logo-Grupo-Denali-final-01-150x46.png 150w\" sizes=\"(max-width: 1024px) 100vw, 1024px\" \/>\t\t\t\t\t\t\t\t\t\t\t\t\t\t\t<\/div>\n\t\t\t\t<\/div>\n\t\t\t\t\t<\/div>\n\t\t<\/div>\n\t\t\t\t<div class=\"elementor-column elementor-col-33 elementor-inner-column elementor-element elementor-element-94f07b7\" data-id=\"94f07b7\" data-element_type=\"column\" data-e-type=\"column\">\n\t\t\t<div class=\"elementor-widget-wrap elementor-element-populated\">\n\t\t\t\t\t\t<div class=\"elementor-element elementor-element-e9b4a81 elementor-widget elementor-widget-text-editor\" data-id=\"e9b4a81\" data-element_type=\"widget\" data-e-type=\"widget\" data-widget_type=\"text-editor.default\">\n\t\t\t\t<div class=\"elementor-widget-container\">\n\t\t\t\t\t\t\t\t\t<p><span style=\"color: #999999;\">Guadalajara<\/span><br><span style=\"color: #999999;\">Jalisco, M\u00e9xico<\/span><\/p>\t\t\t\t\t\t\t\t<\/div>\n\t\t\t\t<\/div>\n\t\t\t\t\t<\/div>\n\t\t<\/div>\n\t\t\t\t<div class=\"elementor-column elementor-col-33 elementor-inner-column elementor-element elementor-element-1852b2c\" data-id=\"1852b2c\" data-element_type=\"column\" data-e-type=\"column\">\n\t\t\t<div class=\"elementor-widget-wrap elementor-element-populated\">\n\t\t\t\t\t\t<div class=\"elementor-element elementor-element-906ca0c elementor-widget elementor-widget-text-editor\" data-id=\"906ca0c\" data-element_type=\"widget\" data-e-type=\"widget\" data-widget_type=\"text-editor.default\">\n\t\t\t\t<div class=\"elementor-widget-container\">\n\t\t\t\t\t\t\t\t\t<p>Tel: + (52) 33 3334 1104<\/p>\t\t\t\t\t\t\t\t<\/div>\n\t\t\t\t<\/div>\n\t\t\t\t<div class=\"elementor-element elementor-element-3665137 elementor-widget elementor-widget-text-editor\" data-id=\"3665137\" data-element_type=\"widget\" data-e-type=\"widget\" data-widget_type=\"text-editor.default\">\n\t\t\t\t<div class=\"elementor-widget-container\">\n\t\t\t\t\t\t\t\t\t<p><span style=\"color: #999999;\">Email <a style=\"color: #999999;\" href=\"mailto:info@grupodenali.mx\"><u>ventas@grupodenali.mx<\/u><\/a><\/span><\/p>\t\t\t\t\t\t\t\t<\/div>\n\t\t\t\t<\/div>\n\t\t\t\t\t<\/div>\n\t\t<\/div>\n\t\t\t\t\t<\/div>\n\t\t<\/section>\n\t\t\t\t\t<\/div>\n\t\t<\/div>\n\t\t\t\t\t<\/div>\n\t\t<\/section>\n\t\t\t\t<\/div>\n\t\t","protected":false},"excerpt":{"rendered":"<p>Avena M\u00e1s sobre la Avena Avena La avena tradicional Es el grano que ha sido cocido al vapor y prensado (enrollado) para que pueda cocinarse m\u00e1s<span class=\"excerpt-hellip\"> [\u2026]<\/span><\/p>\n","protected":false},"author":1,"featured_media":0,"parent":0,"menu_order":0,"comment_status":"closed","ping_status":"closed","template":"","meta":{"footnotes":""},"class_list":["post-809","page","type-page","status-publish","hentry"],"yoast_head":"<!-- This site is optimized with the Yoast SEO plugin v27.3 - https:\/\/yoast.com\/product\/yoast-seo-wordpress\/ -->\n<title>Avena - Grupo Denali<\/title>\n<meta name=\"robots\" content=\"index, follow, max-snippet:-1, max-image-preview:large, max-video-preview:-1\" \/>\n<link rel=\"canonical\" href=\"https:\/\/grupodenali.mx\/?page_id=809\" \/>\n<meta property=\"og:locale\" content=\"es_ES\" \/>\n<meta property=\"og:type\" content=\"article\" \/>\n<meta property=\"og:title\" content=\"Avena - Grupo Denali\" \/>\n<meta property=\"og:description\" content=\"Avena M\u00e1s sobre la Avena Avena La avena tradicional Es el grano que ha sido cocido al vapor y prensado (enrollado) para que pueda cocinarse m\u00e1s [\u2026]\" \/>\n<meta property=\"og:url\" content=\"https:\/\/grupodenali.mx\/?page_id=809\" \/>\n<meta property=\"og:site_name\" content=\"Grupo Denali\" \/>\n<meta property=\"article:modified_time\" content=\"2023-07-24T18:30:42+00:00\" \/>\n<meta property=\"og:image\" content=\"https:\/\/grupodenali.mx\/wp-content\/uploads\/2022\/04\/vecteezy_dried-oats-on-white-background_1310147-scaled.jpg\" \/>\n<meta name=\"twitter:card\" content=\"summary_large_image\" \/>\n<meta name=\"twitter:label1\" content=\"Tiempo de lectura\" \/>\n\t<meta name=\"twitter:data1\" content=\"2 minutos\" \/>\n<script type=\"application\/ld+json\" class=\"yoast-schema-graph\">{\"@context\":\"https:\\\/\\\/schema.org\",\"@graph\":[{\"@type\":\"WebPage\",\"@id\":\"https:\\\/\\\/grupodenali.mx\\\/?page_id=809\",\"url\":\"https:\\\/\\\/grupodenali.mx\\\/?page_id=809\",\"name\":\"Avena - Grupo Denali\",\"isPartOf\":{\"@id\":\"https:\\\/\\\/grupodenali.mx\\\/#website\"},\"primaryImageOfPage\":{\"@id\":\"https:\\\/\\\/grupodenali.mx\\\/?page_id=809#primaryimage\"},\"image\":{\"@id\":\"https:\\\/\\\/grupodenali.mx\\\/?page_id=809#primaryimage\"},\"thumbnailUrl\":\"https:\\\/\\\/grupodenali.mx\\\/wp-content\\\/uploads\\\/2022\\\/04\\\/vecteezy_dried-oats-on-white-background_1310147-scaled.jpg\",\"datePublished\":\"2022-04-27T00:27:49+00:00\",\"dateModified\":\"2023-07-24T18:30:42+00:00\",\"breadcrumb\":{\"@id\":\"https:\\\/\\\/grupodenali.mx\\\/?page_id=809#breadcrumb\"},\"inLanguage\":\"es\",\"potentialAction\":[{\"@type\":\"ReadAction\",\"target\":[\"https:\\\/\\\/grupodenali.mx\\\/?page_id=809\"]}]},{\"@type\":\"ImageObject\",\"inLanguage\":\"es\",\"@id\":\"https:\\\/\\\/grupodenali.mx\\\/?page_id=809#primaryimage\",\"url\":\"https:\\\/\\\/grupodenali.mx\\\/wp-content\\\/uploads\\\/2022\\\/04\\\/vecteezy_dried-oats-on-white-background_1310147-scaled.jpg\",\"contentUrl\":\"https:\\\/\\\/grupodenali.mx\\\/wp-content\\\/uploads\\\/2022\\\/04\\\/vecteezy_dried-oats-on-white-background_1310147-scaled.jpg\",\"width\":2560,\"height\":1437,\"caption\":\"Avena\"},{\"@type\":\"BreadcrumbList\",\"@id\":\"https:\\\/\\\/grupodenali.mx\\\/?page_id=809#breadcrumb\",\"itemListElement\":[{\"@type\":\"ListItem\",\"position\":1,\"name\":\"Portada\",\"item\":\"https:\\\/\\\/grupodenali.mx\\\/\"},{\"@type\":\"ListItem\",\"position\":2,\"name\":\"Avena\"}]},{\"@type\":\"WebSite\",\"@id\":\"https:\\\/\\\/grupodenali.mx\\\/#website\",\"url\":\"https:\\\/\\\/grupodenali.mx\\\/\",\"name\":\"Grupo Denali\",\"description\":\"Grupo Denali\",\"publisher\":{\"@id\":\"https:\\\/\\\/grupodenali.mx\\\/#organization\"},\"potentialAction\":[{\"@type\":\"SearchAction\",\"target\":{\"@type\":\"EntryPoint\",\"urlTemplate\":\"https:\\\/\\\/grupodenali.mx\\\/?s={search_term_string}\"},\"query-input\":{\"@type\":\"PropertyValueSpecification\",\"valueRequired\":true,\"valueName\":\"search_term_string\"}}],\"inLanguage\":\"es\"},{\"@type\":\"Organization\",\"@id\":\"https:\\\/\\\/grupodenali.mx\\\/#organization\",\"name\":\"Grupo Denali\",\"url\":\"https:\\\/\\\/grupodenali.mx\\\/\",\"logo\":{\"@type\":\"ImageObject\",\"inLanguage\":\"es\",\"@id\":\"https:\\\/\\\/grupodenali.mx\\\/#\\\/schema\\\/logo\\\/image\\\/\",\"url\":\"https:\\\/\\\/grupodenali.mx\\\/wp-content\\\/uploads\\\/2022\\\/04\\\/cropped-Logo-Grupo-Denali-final-01.png\",\"contentUrl\":\"https:\\\/\\\/grupodenali.mx\\\/wp-content\\\/uploads\\\/2022\\\/04\\\/cropped-Logo-Grupo-Denali-final-01.png\",\"width\":4038,\"height\":975,\"caption\":\"Grupo Denali\"},\"image\":{\"@id\":\"https:\\\/\\\/grupodenali.mx\\\/#\\\/schema\\\/logo\\\/image\\\/\"}}]}<\/script>\n<!-- \/ Yoast SEO plugin. -->","yoast_head_json":{"title":"Avena - Grupo Denali","robots":{"index":"index","follow":"follow","max-snippet":"max-snippet:-1","max-image-preview":"max-image-preview:large","max-video-preview":"max-video-preview:-1"},"canonical":"https:\/\/grupodenali.mx\/?page_id=809","og_locale":"es_ES","og_type":"article","og_title":"Avena - Grupo Denali","og_description":"Avena M\u00e1s sobre la Avena Avena La avena tradicional Es el grano que ha sido cocido al vapor y prensado (enrollado) para que pueda cocinarse m\u00e1s [\u2026]","og_url":"https:\/\/grupodenali.mx\/?page_id=809","og_site_name":"Grupo Denali","article_modified_time":"2023-07-24T18:30:42+00:00","og_image":[{"url":"https:\/\/grupodenali.mx\/wp-content\/uploads\/2022\/04\/vecteezy_dried-oats-on-white-background_1310147-scaled.jpg","type":"","width":"","height":""}],"twitter_card":"summary_large_image","twitter_misc":{"Tiempo de lectura":"2 minutos"},"schema":{"@context":"https:\/\/schema.org","@graph":[{"@type":"WebPage","@id":"https:\/\/grupodenali.mx\/?page_id=809","url":"https:\/\/grupodenali.mx\/?page_id=809","name":"Avena - Grupo Denali","isPartOf":{"@id":"https:\/\/grupodenali.mx\/#website"},"primaryImageOfPage":{"@id":"https:\/\/grupodenali.mx\/?page_id=809#primaryimage"},"image":{"@id":"https:\/\/grupodenali.mx\/?page_id=809#primaryimage"},"thumbnailUrl":"https:\/\/grupodenali.mx\/wp-content\/uploads\/2022\/04\/vecteezy_dried-oats-on-white-background_1310147-scaled.jpg","datePublished":"2022-04-27T00:27:49+00:00","dateModified":"2023-07-24T18:30:42+00:00","breadcrumb":{"@id":"https:\/\/grupodenali.mx\/?page_id=809#breadcrumb"},"inLanguage":"es","potentialAction":[{"@type":"ReadAction","target":["https:\/\/grupodenali.mx\/?page_id=809"]}]},{"@type":"ImageObject","inLanguage":"es","@id":"https:\/\/grupodenali.mx\/?page_id=809#primaryimage","url":"https:\/\/grupodenali.mx\/wp-content\/uploads\/2022\/04\/vecteezy_dried-oats-on-white-background_1310147-scaled.jpg","contentUrl":"https:\/\/grupodenali.mx\/wp-content\/uploads\/2022\/04\/vecteezy_dried-oats-on-white-background_1310147-scaled.jpg","width":2560,"height":1437,"caption":"Avena"},{"@type":"BreadcrumbList","@id":"https:\/\/grupodenali.mx\/?page_id=809#breadcrumb","itemListElement":[{"@type":"ListItem","position":1,"name":"Portada","item":"https:\/\/grupodenali.mx\/"},{"@type":"ListItem","position":2,"name":"Avena"}]},{"@type":"WebSite","@id":"https:\/\/grupodenali.mx\/#website","url":"https:\/\/grupodenali.mx\/","name":"Grupo Denali","description":"Grupo Denali","publisher":{"@id":"https:\/\/grupodenali.mx\/#organization"},"potentialAction":[{"@type":"SearchAction","target":{"@type":"EntryPoint","urlTemplate":"https:\/\/grupodenali.mx\/?s={search_term_string}"},"query-input":{"@type":"PropertyValueSpecification","valueRequired":true,"valueName":"search_term_string"}}],"inLanguage":"es"},{"@type":"Organization","@id":"https:\/\/grupodenali.mx\/#organization","name":"Grupo Denali","url":"https:\/\/grupodenali.mx\/","logo":{"@type":"ImageObject","inLanguage":"es","@id":"https:\/\/grupodenali.mx\/#\/schema\/logo\/image\/","url":"https:\/\/grupodenali.mx\/wp-content\/uploads\/2022\/04\/cropped-Logo-Grupo-Denali-final-01.png","contentUrl":"https:\/\/grupodenali.mx\/wp-content\/uploads\/2022\/04\/cropped-Logo-Grupo-Denali-final-01.png","width":4038,"height":975,"caption":"Grupo Denali"},"image":{"@id":"https:\/\/grupodenali.mx\/#\/schema\/logo\/image\/"}}]}},"_links":{"self":[{"href":"https:\/\/grupodenali.mx\/index.php?rest_route=\/wp\/v2\/pages\/809","targetHints":{"allow":["GET"]}}],"collection":[{"href":"https:\/\/grupodenali.mx\/index.php?rest_route=\/wp\/v2\/pages"}],"about":[{"href":"https:\/\/grupodenali.mx\/index.php?rest_route=\/wp\/v2\/types\/page"}],"author":[{"embeddable":true,"href":"https:\/\/grupodenali.mx\/index.php?rest_route=\/wp\/v2\/users\/1"}],"replies":[{"embeddable":true,"href":"https:\/\/grupodenali.mx\/index.php?rest_route=%2Fwp%2Fv2%2Fcomments&post=809"}],"version-history":[{"count":64,"href":"https:\/\/grupodenali.mx\/index.php?rest_route=\/wp\/v2\/pages\/809\/revisions"}],"predecessor-version":[{"id":1313,"href":"https:\/\/grupodenali.mx\/index.php?rest_route=\/wp\/v2\/pages\/809\/revisions\/1313"}],"wp:attachment":[{"href":"https:\/\/grupodenali.mx\/index.php?rest_route=%2Fwp%2Fv2%2Fmedia&parent=809"}],"curies":[{"name":"wp","href":"https:\/\/api.w.org\/{rel}","templated":true}]}}