{"id":805,"date":"2022-04-27T00:27:18","date_gmt":"2022-04-27T00:27:18","guid":{"rendered":"https:\/\/grupodenali.mx\/?page_id=805"},"modified":"2023-07-24T18:28:58","modified_gmt":"2023-07-24T18:28:58","slug":"alendras","status":"publish","type":"page","link":"https:\/\/grupodenali.mx\/?page_id=805","title":{"rendered":"Almendra"},"content":{"rendered":"\t\t<div data-elementor-type=\"wp-page\" data-elementor-id=\"805\" class=\"elementor elementor-805\">\n\t\t\t\t\t\t<section class=\"elementor-section elementor-top-section elementor-element elementor-element-d23a12a elementor-section-stretched elementor-section-boxed elementor-section-height-default elementor-section-height-default\" data-id=\"d23a12a\" data-element_type=\"section\" data-e-type=\"section\" data-settings=\"{&quot;stretch_section&quot;:&quot;section-stretched&quot;,&quot;background_background&quot;:&quot;classic&quot;}\">\n\t\t\t\t\t\t<div class=\"elementor-container elementor-column-gap-wider\">\n\t\t\t\t\t<div class=\"elementor-column elementor-col-100 elementor-top-column elementor-element elementor-element-4239dfd\" data-id=\"4239dfd\" data-element_type=\"column\" data-e-type=\"column\">\n\t\t\t<div class=\"elementor-widget-wrap elementor-element-populated\">\n\t\t\t\t\t\t<div class=\"elementor-element elementor-element-ae24078 elementor-widget elementor-widget-heading\" data-id=\"ae24078\" data-element_type=\"widget\" data-e-type=\"widget\" data-widget_type=\"heading.default\">\n\t\t\t\t<div class=\"elementor-widget-container\">\n\t\t\t\t\t<h1 class=\"elementor-heading-title elementor-size-default\">Almendra<\/h1>\t\t\t\t<\/div>\n\t\t\t\t<\/div>\n\t\t\t\t\t<\/div>\n\t\t<\/div>\n\t\t\t\t\t<\/div>\n\t\t<\/section>\n\t\t\t\t<section class=\"elementor-section elementor-top-section elementor-element elementor-element-1eb26ae elementor-section-boxed elementor-section-height-default elementor-section-height-default\" data-id=\"1eb26ae\" data-element_type=\"section\" data-e-type=\"section\">\n\t\t\t\t\t\t<div class=\"elementor-container elementor-column-gap-default\">\n\t\t\t\t\t<div class=\"elementor-column elementor-col-100 elementor-top-column elementor-element elementor-element-4c23a31\" data-id=\"4c23a31\" data-element_type=\"column\" data-e-type=\"column\">\n\t\t\t<div class=\"elementor-widget-wrap elementor-element-populated\">\n\t\t\t\t\t\t<div class=\"elementor-element elementor-element-e6b7f2b elementor-widget elementor-widget-spacer\" data-id=\"e6b7f2b\" data-element_type=\"widget\" data-e-type=\"widget\" data-widget_type=\"spacer.default\">\n\t\t\t\t<div class=\"elementor-widget-container\">\n\t\t\t\t\t\t\t<div class=\"elementor-spacer\">\n\t\t\t<div class=\"elementor-spacer-inner\"><\/div>\n\t\t<\/div>\n\t\t\t\t\t\t<\/div>\n\t\t\t\t<\/div>\n\t\t\t\t<div class=\"elementor-element elementor-element-d033ed0 elementor-invisible elementor-widget elementor-widget-heading\" data-id=\"d033ed0\" data-element_type=\"widget\" data-e-type=\"widget\" data-settings=\"{&quot;_animation&quot;:&quot;bounceIn&quot;}\" data-widget_type=\"heading.default\">\n\t\t\t\t<div class=\"elementor-widget-container\">\n\t\t\t\t\t<h2 class=\"elementor-heading-title elementor-size-default\">M\u00e1s sobre la Almendra<\/h2>\t\t\t\t<\/div>\n\t\t\t\t<\/div>\n\t\t\t\t<div class=\"elementor-element elementor-element-9607c4f elementor-widget elementor-widget-spacer\" data-id=\"9607c4f\" data-element_type=\"widget\" data-e-type=\"widget\" data-widget_type=\"spacer.default\">\n\t\t\t\t<div class=\"elementor-widget-container\">\n\t\t\t\t\t\t\t<div class=\"elementor-spacer\">\n\t\t\t<div class=\"elementor-spacer-inner\"><\/div>\n\t\t<\/div>\n\t\t\t\t\t\t<\/div>\n\t\t\t\t<\/div>\n\t\t\t\t<div class=\"elementor-element elementor-element-2e49201 elementor-position-left elementor-vertical-align-top elementor-widget elementor-widget-image-box\" data-id=\"2e49201\" data-element_type=\"widget\" data-e-type=\"widget\" data-widget_type=\"image-box.default\">\n\t\t\t\t<div class=\"elementor-widget-container\">\n\t\t\t\t\t<div class=\"elementor-image-box-wrapper\"><figure class=\"elementor-image-box-img\"><img fetchpriority=\"high\" decoding=\"async\" width=\"2560\" height=\"1707\" src=\"https:\/\/grupodenali.mx\/wp-content\/uploads\/2022\/04\/vecteezy_delicious-almond-on-white-background_6592448_398-scaled.jpg\" class=\"attachment-full size-full wp-image-179\" alt=\"\" srcset=\"https:\/\/grupodenali.mx\/wp-content\/uploads\/2022\/04\/vecteezy_delicious-almond-on-white-background_6592448_398-scaled.jpg 2560w, https:\/\/grupodenali.mx\/wp-content\/uploads\/2022\/04\/vecteezy_delicious-almond-on-white-background_6592448_398-300x200.jpg 300w, https:\/\/grupodenali.mx\/wp-content\/uploads\/2022\/04\/vecteezy_delicious-almond-on-white-background_6592448_398-1024x683.jpg 1024w, https:\/\/grupodenali.mx\/wp-content\/uploads\/2022\/04\/vecteezy_delicious-almond-on-white-background_6592448_398-768x512.jpg 768w, https:\/\/grupodenali.mx\/wp-content\/uploads\/2022\/04\/vecteezy_delicious-almond-on-white-background_6592448_398-1536x1024.jpg 1536w, https:\/\/grupodenali.mx\/wp-content\/uploads\/2022\/04\/vecteezy_delicious-almond-on-white-background_6592448_398-2048x1365.jpg 2048w, https:\/\/grupodenali.mx\/wp-content\/uploads\/2022\/04\/vecteezy_delicious-almond-on-white-background_6592448_398-219x146.jpg 219w, https:\/\/grupodenali.mx\/wp-content\/uploads\/2022\/04\/vecteezy_delicious-almond-on-white-background_6592448_398-50x33.jpg 50w, https:\/\/grupodenali.mx\/wp-content\/uploads\/2022\/04\/vecteezy_delicious-almond-on-white-background_6592448_398-113x75.jpg 113w\" sizes=\"(max-width: 2560px) 100vw, 2560px\" \/><\/figure><div class=\"elementor-image-box-content\"><h2 class=\"elementor-image-box-title\">Almendra<\/h2><p class=\"elementor-image-box-description\">California es el productor de almendras m\u00e1s grande del mundo. Con sus condiciones de cultivo ideal, incluyendo\nun clima templado, tierra f\u00e9rtil, y abundante luz solar, esta \u00e1rea produce alrededor del 80% de la cosecha global de\nalmendras, exportando a cerca de 90 pa\u00edses. Para asegurar un producto consistente, de alta calidad y saludable, se\nutiliza equipo de vanguardia y t\u00e9cnicas especializadas de cultivo, cosecha, procesamiento y empaque.\n\nLa industria de la almendra de California respeta el medio ambiente y toma en cuenta la salud del cliente, con\nprogramas de seguridad y aseguramiento de la calidad de los alimentos en el huerto, en el procesamiento y en el\nenvasado.\n\nLas almendras de California son altamente vers\u00e1tiles y est\u00e1n disponibles en un gran n\u00famero de variedades y formas\nadecuadas para diversas aplicaciones de productos. Utilice esta gu\u00eda como ayuda para determinar la variedad,\nel tama\u00f1o, la forma y el grado de la almendra m\u00e1s adecuada para sus necesidades.\n\n<\/p><\/div><\/div>\t\t\t\t<\/div>\n\t\t\t\t<\/div>\n\t\t\t\t<div class=\"elementor-element elementor-element-78aaf5d elementor-widget elementor-widget-heading\" data-id=\"78aaf5d\" data-element_type=\"widget\" data-e-type=\"widget\" data-widget_type=\"heading.default\">\n\t\t\t\t<div class=\"elementor-widget-container\">\n\t\t\t\t\t<h3 class=\"elementor-heading-title elementor-size-default\">Clasificaci\u00f3n por grados USDA<\/h3>\t\t\t\t<\/div>\n\t\t\t\t<\/div>\n\t\t\t\t<div class=\"elementor-element elementor-element-f8cbdd2 elementor-widget elementor-widget-image\" data-id=\"f8cbdd2\" data-element_type=\"widget\" data-e-type=\"widget\" data-widget_type=\"image.default\">\n\t\t\t\t<div class=\"elementor-widget-container\">\n\t\t\t\t\t\t\t\t\t\t\t\t\t\t\t<img decoding=\"async\" width=\"1024\" height=\"874\" src=\"https:\/\/grupodenali.mx\/wp-content\/uploads\/2022\/04\/Screen-Shot-2022-04-27-at-9.09.16-AM-1024x874.png\" class=\"attachment-large size-large wp-image-990\" alt=\"\" srcset=\"https:\/\/grupodenali.mx\/wp-content\/uploads\/2022\/04\/Screen-Shot-2022-04-27-at-9.09.16-AM-1024x874.png 1024w, https:\/\/grupodenali.mx\/wp-content\/uploads\/2022\/04\/Screen-Shot-2022-04-27-at-9.09.16-AM-300x256.png 300w, https:\/\/grupodenali.mx\/wp-content\/uploads\/2022\/04\/Screen-Shot-2022-04-27-at-9.09.16-AM-768x655.png 768w, https:\/\/grupodenali.mx\/wp-content\/uploads\/2022\/04\/Screen-Shot-2022-04-27-at-9.09.16-AM-171x146.png 171w, https:\/\/grupodenali.mx\/wp-content\/uploads\/2022\/04\/Screen-Shot-2022-04-27-at-9.09.16-AM-50x43.png 50w, https:\/\/grupodenali.mx\/wp-content\/uploads\/2022\/04\/Screen-Shot-2022-04-27-at-9.09.16-AM-88x75.png 88w, https:\/\/grupodenali.mx\/wp-content\/uploads\/2022\/04\/Screen-Shot-2022-04-27-at-9.09.16-AM.png 1028w\" sizes=\"(max-width: 1024px) 100vw, 1024px\" \/>\t\t\t\t\t\t\t\t\t\t\t\t\t\t\t<\/div>\n\t\t\t\t<\/div>\n\t\t\t\t<div class=\"elementor-element elementor-element-6e1d936 elementor-widget elementor-widget-text-editor\" data-id=\"6e1d936\" data-element_type=\"widget\" data-e-type=\"widget\" data-widget_type=\"text-editor.default\">\n\t\t\t\t<div class=\"elementor-widget-container\">\n\t\t\t\t\t\t\t\t\t<p>California Almonds<\/p>\t\t\t\t\t\t\t\t<\/div>\n\t\t\t\t<\/div>\n\t\t\t\t\t<\/div>\n\t\t<\/div>\n\t\t\t\t\t<\/div>\n\t\t<\/section>\n\t\t\t\t<section class=\"elementor-section elementor-top-section elementor-element elementor-element-03b9962 elementor-section-boxed elementor-section-height-default elementor-section-height-default\" data-id=\"03b9962\" data-element_type=\"section\" data-e-type=\"section\">\n\t\t\t\t\t\t<div class=\"elementor-container elementor-column-gap-default\">\n\t\t\t\t\t<div class=\"elementor-column elementor-col-100 elementor-top-column elementor-element elementor-element-d877895\" data-id=\"d877895\" data-element_type=\"column\" data-e-type=\"column\">\n\t\t\t<div class=\"elementor-widget-wrap elementor-element-populated\">\n\t\t\t\t\t\t<div class=\"elementor-element elementor-element-4c7afd2 elementor-widget-divider--view-line elementor-widget elementor-widget-divider\" data-id=\"4c7afd2\" data-element_type=\"widget\" data-e-type=\"widget\" data-widget_type=\"divider.default\">\n\t\t\t\t<div class=\"elementor-widget-container\">\n\t\t\t\t\t\t\t<div class=\"elementor-divider\">\n\t\t\t<span class=\"elementor-divider-separator\">\n\t\t\t\t\t\t<\/span>\n\t\t<\/div>\n\t\t\t\t\t\t<\/div>\n\t\t\t\t<\/div>\n\t\t\t\t<section class=\"elementor-section elementor-inner-section elementor-element elementor-element-0036a92 elementor-section-content-bottom elementor-section-boxed elementor-section-height-default elementor-section-height-default\" data-id=\"0036a92\" data-element_type=\"section\" data-e-type=\"section\" data-settings=\"{&quot;background_background&quot;:&quot;classic&quot;}\">\n\t\t\t\t\t\t<div class=\"elementor-container elementor-column-gap-default\">\n\t\t\t\t\t<div class=\"elementor-column elementor-col-33 elementor-inner-column elementor-element elementor-element-8b55f78\" data-id=\"8b55f78\" data-element_type=\"column\" data-e-type=\"column\">\n\t\t\t<div class=\"elementor-widget-wrap elementor-element-populated\">\n\t\t\t\t\t\t<div class=\"elementor-element elementor-element-bfbb3a6 elementor-widget elementor-widget-image\" data-id=\"bfbb3a6\" data-element_type=\"widget\" data-e-type=\"widget\" data-widget_type=\"image.default\">\n\t\t\t\t<div class=\"elementor-widget-container\">\n\t\t\t\t\t\t\t\t\t\t\t\t\t\t\t<img decoding=\"async\" width=\"1024\" height=\"312\" src=\"https:\/\/grupodenali.mx\/wp-content\/uploads\/2022\/04\/Logo-Grupo-Denali-final-01-1024x312.png\" class=\"attachment-large size-large wp-image-541\" alt=\"\" srcset=\"https:\/\/grupodenali.mx\/wp-content\/uploads\/2022\/04\/Logo-Grupo-Denali-final-01-1024x312.png 1024w, https:\/\/grupodenali.mx\/wp-content\/uploads\/2022\/04\/Logo-Grupo-Denali-final-01-300x91.png 300w, https:\/\/grupodenali.mx\/wp-content\/uploads\/2022\/04\/Logo-Grupo-Denali-final-01-768x234.png 768w, https:\/\/grupodenali.mx\/wp-content\/uploads\/2022\/04\/Logo-Grupo-Denali-final-01-1536x468.png 1536w, https:\/\/grupodenali.mx\/wp-content\/uploads\/2022\/04\/Logo-Grupo-Denali-final-01-2048x624.png 2048w, https:\/\/grupodenali.mx\/wp-content\/uploads\/2022\/04\/Logo-Grupo-Denali-final-01-260x79.png 260w, https:\/\/grupodenali.mx\/wp-content\/uploads\/2022\/04\/Logo-Grupo-Denali-final-01-50x15.png 50w, https:\/\/grupodenali.mx\/wp-content\/uploads\/2022\/04\/Logo-Grupo-Denali-final-01-150x46.png 150w\" sizes=\"(max-width: 1024px) 100vw, 1024px\" \/>\t\t\t\t\t\t\t\t\t\t\t\t\t\t\t<\/div>\n\t\t\t\t<\/div>\n\t\t\t\t\t<\/div>\n\t\t<\/div>\n\t\t\t\t<div class=\"elementor-column elementor-col-33 elementor-inner-column elementor-element elementor-element-d4e77bc\" data-id=\"d4e77bc\" data-element_type=\"column\" data-e-type=\"column\">\n\t\t\t<div class=\"elementor-widget-wrap elementor-element-populated\">\n\t\t\t\t\t\t<div class=\"elementor-element elementor-element-0bca5ac elementor-widget elementor-widget-text-editor\" data-id=\"0bca5ac\" data-element_type=\"widget\" data-e-type=\"widget\" data-widget_type=\"text-editor.default\">\n\t\t\t\t<div class=\"elementor-widget-container\">\n\t\t\t\t\t\t\t\t\t<p><span style=\"color: #999999;\">Guadalajara<\/span><br><span style=\"color: #999999;\">Jalisco, M\u00e9xico<\/span><\/p>\t\t\t\t\t\t\t\t<\/div>\n\t\t\t\t<\/div>\n\t\t\t\t\t<\/div>\n\t\t<\/div>\n\t\t\t\t<div class=\"elementor-column elementor-col-33 elementor-inner-column elementor-element elementor-element-d29d221\" data-id=\"d29d221\" data-element_type=\"column\" data-e-type=\"column\">\n\t\t\t<div class=\"elementor-widget-wrap elementor-element-populated\">\n\t\t\t\t\t\t<div class=\"elementor-element elementor-element-48af632 elementor-widget elementor-widget-text-editor\" data-id=\"48af632\" data-element_type=\"widget\" data-e-type=\"widget\" data-widget_type=\"text-editor.default\">\n\t\t\t\t<div class=\"elementor-widget-container\">\n\t\t\t\t\t\t\t\t\t<p>Tel: + (52) 33 3334 1104<\/p>\t\t\t\t\t\t\t\t<\/div>\n\t\t\t\t<\/div>\n\t\t\t\t<div class=\"elementor-element elementor-element-3220b75 elementor-widget elementor-widget-text-editor\" data-id=\"3220b75\" data-element_type=\"widget\" data-e-type=\"widget\" data-widget_type=\"text-editor.default\">\n\t\t\t\t<div class=\"elementor-widget-container\">\n\t\t\t\t\t\t\t\t\t<p><span style=\"color: #999999;\">Email <a style=\"color: #999999;\" href=\"mailto:info@grupodenali.mx\"><u>ventas@grupodenali.mx<\/u><\/a><\/span><\/p>\t\t\t\t\t\t\t\t<\/div>\n\t\t\t\t<\/div>\n\t\t\t\t\t<\/div>\n\t\t<\/div>\n\t\t\t\t\t<\/div>\n\t\t<\/section>\n\t\t\t\t\t<\/div>\n\t\t<\/div>\n\t\t\t\t\t<\/div>\n\t\t<\/section>\n\t\t\t\t<\/div>\n\t\t","protected":false},"excerpt":{"rendered":"<p>Almendra M\u00e1s sobre la Almendra Almendra California es el productor de almendras m\u00e1s grande del mundo. Con sus condiciones de cultivo ideal, incluyendo un clima templado,<span class=\"excerpt-hellip\"> [\u2026]<\/span><\/p>\n","protected":false},"author":1,"featured_media":0,"parent":0,"menu_order":0,"comment_status":"closed","ping_status":"closed","template":"","meta":{"footnotes":""},"class_list":["post-805","page","type-page","status-publish","hentry"],"yoast_head":"<!-- This site is optimized with the Yoast SEO plugin v27.3 - https:\/\/yoast.com\/product\/yoast-seo-wordpress\/ -->\n<title>Almendra - Grupo Denali<\/title>\n<meta name=\"robots\" content=\"index, follow, max-snippet:-1, max-image-preview:large, max-video-preview:-1\" \/>\n<link rel=\"canonical\" href=\"https:\/\/grupodenali.mx\/?page_id=805\" \/>\n<meta property=\"og:locale\" content=\"es_ES\" \/>\n<meta property=\"og:type\" content=\"article\" \/>\n<meta property=\"og:title\" content=\"Almendra - Grupo Denali\" \/>\n<meta property=\"og:description\" content=\"Almendra M\u00e1s sobre la Almendra Almendra California es el productor de almendras m\u00e1s grande del mundo. Con sus condiciones de cultivo ideal, incluyendo un clima templado, [\u2026]\" \/>\n<meta property=\"og:url\" content=\"https:\/\/grupodenali.mx\/?page_id=805\" \/>\n<meta property=\"og:site_name\" content=\"Grupo Denali\" \/>\n<meta property=\"article:modified_time\" content=\"2023-07-24T18:28:58+00:00\" \/>\n<meta property=\"og:image\" content=\"https:\/\/grupodenali.mx\/wp-content\/uploads\/2022\/04\/vecteezy_delicious-almond-on-white-background_6592448_398-scaled.jpg\" \/>\n<meta name=\"twitter:card\" content=\"summary_large_image\" \/>\n<meta name=\"twitter:label1\" content=\"Tiempo de lectura\" \/>\n\t<meta name=\"twitter:data1\" content=\"2 minutos\" \/>\n<script type=\"application\/ld+json\" class=\"yoast-schema-graph\">{\"@context\":\"https:\\\/\\\/schema.org\",\"@graph\":[{\"@type\":\"WebPage\",\"@id\":\"https:\\\/\\\/grupodenali.mx\\\/?page_id=805\",\"url\":\"https:\\\/\\\/grupodenali.mx\\\/?page_id=805\",\"name\":\"Almendra - Grupo Denali\",\"isPartOf\":{\"@id\":\"https:\\\/\\\/grupodenali.mx\\\/#website\"},\"primaryImageOfPage\":{\"@id\":\"https:\\\/\\\/grupodenali.mx\\\/?page_id=805#primaryimage\"},\"image\":{\"@id\":\"https:\\\/\\\/grupodenali.mx\\\/?page_id=805#primaryimage\"},\"thumbnailUrl\":\"https:\\\/\\\/grupodenali.mx\\\/wp-content\\\/uploads\\\/2022\\\/04\\\/vecteezy_delicious-almond-on-white-background_6592448_398-scaled.jpg\",\"datePublished\":\"2022-04-27T00:27:18+00:00\",\"dateModified\":\"2023-07-24T18:28:58+00:00\",\"breadcrumb\":{\"@id\":\"https:\\\/\\\/grupodenali.mx\\\/?page_id=805#breadcrumb\"},\"inLanguage\":\"es\",\"potentialAction\":[{\"@type\":\"ReadAction\",\"target\":[\"https:\\\/\\\/grupodenali.mx\\\/?page_id=805\"]}]},{\"@type\":\"ImageObject\",\"inLanguage\":\"es\",\"@id\":\"https:\\\/\\\/grupodenali.mx\\\/?page_id=805#primaryimage\",\"url\":\"https:\\\/\\\/grupodenali.mx\\\/wp-content\\\/uploads\\\/2022\\\/04\\\/vecteezy_delicious-almond-on-white-background_6592448_398-scaled.jpg\",\"contentUrl\":\"https:\\\/\\\/grupodenali.mx\\\/wp-content\\\/uploads\\\/2022\\\/04\\\/vecteezy_delicious-almond-on-white-background_6592448_398-scaled.jpg\",\"width\":2560,\"height\":1707,\"caption\":\"Almendra\"},{\"@type\":\"BreadcrumbList\",\"@id\":\"https:\\\/\\\/grupodenali.mx\\\/?page_id=805#breadcrumb\",\"itemListElement\":[{\"@type\":\"ListItem\",\"position\":1,\"name\":\"Portada\",\"item\":\"https:\\\/\\\/grupodenali.mx\\\/\"},{\"@type\":\"ListItem\",\"position\":2,\"name\":\"Almendra\"}]},{\"@type\":\"WebSite\",\"@id\":\"https:\\\/\\\/grupodenali.mx\\\/#website\",\"url\":\"https:\\\/\\\/grupodenali.mx\\\/\",\"name\":\"Grupo Denali\",\"description\":\"Grupo Denali\",\"publisher\":{\"@id\":\"https:\\\/\\\/grupodenali.mx\\\/#organization\"},\"potentialAction\":[{\"@type\":\"SearchAction\",\"target\":{\"@type\":\"EntryPoint\",\"urlTemplate\":\"https:\\\/\\\/grupodenali.mx\\\/?s={search_term_string}\"},\"query-input\":{\"@type\":\"PropertyValueSpecification\",\"valueRequired\":true,\"valueName\":\"search_term_string\"}}],\"inLanguage\":\"es\"},{\"@type\":\"Organization\",\"@id\":\"https:\\\/\\\/grupodenali.mx\\\/#organization\",\"name\":\"Grupo Denali\",\"url\":\"https:\\\/\\\/grupodenali.mx\\\/\",\"logo\":{\"@type\":\"ImageObject\",\"inLanguage\":\"es\",\"@id\":\"https:\\\/\\\/grupodenali.mx\\\/#\\\/schema\\\/logo\\\/image\\\/\",\"url\":\"https:\\\/\\\/grupodenali.mx\\\/wp-content\\\/uploads\\\/2022\\\/04\\\/cropped-Logo-Grupo-Denali-final-01.png\",\"contentUrl\":\"https:\\\/\\\/grupodenali.mx\\\/wp-content\\\/uploads\\\/2022\\\/04\\\/cropped-Logo-Grupo-Denali-final-01.png\",\"width\":4038,\"height\":975,\"caption\":\"Grupo Denali\"},\"image\":{\"@id\":\"https:\\\/\\\/grupodenali.mx\\\/#\\\/schema\\\/logo\\\/image\\\/\"}}]}<\/script>\n<!-- \/ Yoast SEO plugin. -->","yoast_head_json":{"title":"Almendra - Grupo Denali","robots":{"index":"index","follow":"follow","max-snippet":"max-snippet:-1","max-image-preview":"max-image-preview:large","max-video-preview":"max-video-preview:-1"},"canonical":"https:\/\/grupodenali.mx\/?page_id=805","og_locale":"es_ES","og_type":"article","og_title":"Almendra - Grupo Denali","og_description":"Almendra M\u00e1s sobre la Almendra Almendra California es el productor de almendras m\u00e1s grande del mundo. Con sus condiciones de cultivo ideal, incluyendo un clima templado, [\u2026]","og_url":"https:\/\/grupodenali.mx\/?page_id=805","og_site_name":"Grupo Denali","article_modified_time":"2023-07-24T18:28:58+00:00","og_image":[{"url":"https:\/\/grupodenali.mx\/wp-content\/uploads\/2022\/04\/vecteezy_delicious-almond-on-white-background_6592448_398-scaled.jpg","type":"","width":"","height":""}],"twitter_card":"summary_large_image","twitter_misc":{"Tiempo de lectura":"2 minutos"},"schema":{"@context":"https:\/\/schema.org","@graph":[{"@type":"WebPage","@id":"https:\/\/grupodenali.mx\/?page_id=805","url":"https:\/\/grupodenali.mx\/?page_id=805","name":"Almendra - Grupo Denali","isPartOf":{"@id":"https:\/\/grupodenali.mx\/#website"},"primaryImageOfPage":{"@id":"https:\/\/grupodenali.mx\/?page_id=805#primaryimage"},"image":{"@id":"https:\/\/grupodenali.mx\/?page_id=805#primaryimage"},"thumbnailUrl":"https:\/\/grupodenali.mx\/wp-content\/uploads\/2022\/04\/vecteezy_delicious-almond-on-white-background_6592448_398-scaled.jpg","datePublished":"2022-04-27T00:27:18+00:00","dateModified":"2023-07-24T18:28:58+00:00","breadcrumb":{"@id":"https:\/\/grupodenali.mx\/?page_id=805#breadcrumb"},"inLanguage":"es","potentialAction":[{"@type":"ReadAction","target":["https:\/\/grupodenali.mx\/?page_id=805"]}]},{"@type":"ImageObject","inLanguage":"es","@id":"https:\/\/grupodenali.mx\/?page_id=805#primaryimage","url":"https:\/\/grupodenali.mx\/wp-content\/uploads\/2022\/04\/vecteezy_delicious-almond-on-white-background_6592448_398-scaled.jpg","contentUrl":"https:\/\/grupodenali.mx\/wp-content\/uploads\/2022\/04\/vecteezy_delicious-almond-on-white-background_6592448_398-scaled.jpg","width":2560,"height":1707,"caption":"Almendra"},{"@type":"BreadcrumbList","@id":"https:\/\/grupodenali.mx\/?page_id=805#breadcrumb","itemListElement":[{"@type":"ListItem","position":1,"name":"Portada","item":"https:\/\/grupodenali.mx\/"},{"@type":"ListItem","position":2,"name":"Almendra"}]},{"@type":"WebSite","@id":"https:\/\/grupodenali.mx\/#website","url":"https:\/\/grupodenali.mx\/","name":"Grupo Denali","description":"Grupo Denali","publisher":{"@id":"https:\/\/grupodenali.mx\/#organization"},"potentialAction":[{"@type":"SearchAction","target":{"@type":"EntryPoint","urlTemplate":"https:\/\/grupodenali.mx\/?s={search_term_string}"},"query-input":{"@type":"PropertyValueSpecification","valueRequired":true,"valueName":"search_term_string"}}],"inLanguage":"es"},{"@type":"Organization","@id":"https:\/\/grupodenali.mx\/#organization","name":"Grupo Denali","url":"https:\/\/grupodenali.mx\/","logo":{"@type":"ImageObject","inLanguage":"es","@id":"https:\/\/grupodenali.mx\/#\/schema\/logo\/image\/","url":"https:\/\/grupodenali.mx\/wp-content\/uploads\/2022\/04\/cropped-Logo-Grupo-Denali-final-01.png","contentUrl":"https:\/\/grupodenali.mx\/wp-content\/uploads\/2022\/04\/cropped-Logo-Grupo-Denali-final-01.png","width":4038,"height":975,"caption":"Grupo Denali"},"image":{"@id":"https:\/\/grupodenali.mx\/#\/schema\/logo\/image\/"}}]}},"_links":{"self":[{"href":"https:\/\/grupodenali.mx\/index.php?rest_route=\/wp\/v2\/pages\/805","targetHints":{"allow":["GET"]}}],"collection":[{"href":"https:\/\/grupodenali.mx\/index.php?rest_route=\/wp\/v2\/pages"}],"about":[{"href":"https:\/\/grupodenali.mx\/index.php?rest_route=\/wp\/v2\/types\/page"}],"author":[{"embeddable":true,"href":"https:\/\/grupodenali.mx\/index.php?rest_route=\/wp\/v2\/users\/1"}],"replies":[{"embeddable":true,"href":"https:\/\/grupodenali.mx\/index.php?rest_route=%2Fwp%2Fv2%2Fcomments&post=805"}],"version-history":[{"count":53,"href":"https:\/\/grupodenali.mx\/index.php?rest_route=\/wp\/v2\/pages\/805\/revisions"}],"predecessor-version":[{"id":1306,"href":"https:\/\/grupodenali.mx\/index.php?rest_route=\/wp\/v2\/pages\/805\/revisions\/1306"}],"wp:attachment":[{"href":"https:\/\/grupodenali.mx\/index.php?rest_route=%2Fwp%2Fv2%2Fmedia&parent=805"}],"curies":[{"name":"wp","href":"https:\/\/api.w.org\/{rel}","templated":true}]}}